{"id":106,"date":"2023-12-11T21:45:29","date_gmt":"2023-12-11T21:45:29","guid":{"rendered":"https:\/\/apexecobuilding.com\/home\/?page_id=106"},"modified":"2023-12-11T21:45:29","modified_gmt":"2023-12-11T21:45:29","slug":"quienes-somos","status":"publish","type":"page","link":"https:\/\/www.apexecohouse.com\/home\/quienes-somos\/","title":{"rendered":"Qui\u00e9nes Somos"},"content":{"rendered":"\n<div style=\"height:70px\" aria-hidden=\"true\" class=\"wp-block-spacer\"><\/div>\n\n\n\n<p class=\"has-large-font-size\"><strong>Qui\u00e9nes Somos.<\/strong><\/p>\n\n\n\n<div style=\"height:50px\" aria-hidden=\"true\" class=\"wp-block-spacer\"><\/div>\n\n\n\n<hr class=\"wp-block-separator has-alpha-channel-opacity is-style-wide\"\/>\n\n\n\n<div style=\"height:50px\" aria-hidden=\"true\" class=\"wp-block-spacer\"><\/div>\n\n\n\n<div class=\"wp-block-media-text is-stacked-on-mobile has-background\" style=\"background-color:#0066b75c\"><figure class=\"wp-block-media-text__media\"><img loading=\"lazy\" decoding=\"async\" width=\"640\" height=\"640\" src=\"https:\/\/www.apexecohouse.com\/home\/wp-content\/uploads\/2023\/11\/FondosPag-Apex1.jpg\" alt=\"\" class=\"wp-image-37 size-full\" srcset=\"https:\/\/www.apexecohouse.com\/home\/wp-content\/uploads\/2023\/11\/FondosPag-Apex1.jpg 640w, https:\/\/www.apexecohouse.com\/home\/wp-content\/uploads\/2023\/11\/FondosPag-Apex1-300x300.jpg 300w, https:\/\/www.apexecohouse.com\/home\/wp-content\/uploads\/2023\/11\/FondosPag-Apex1-150x150.jpg 150w\" sizes=\"auto, (max-width: 640px) 100vw, 640px\" \/><\/figure><div class=\"wp-block-media-text__content\">\n<p class=\"has-text-align-center has-medium-font-size\"><strong>QUI\u00c9NES SOMOS<\/strong><\/p>\n\n\n\n<hr class=\"wp-block-separator has-alpha-channel-opacity is-style-wide\"\/>\n\n\n\n<div style=\"height:20px\" aria-hidden=\"true\" class=\"wp-block-spacer\"><\/div>\n\n\n\n<p class=\"has-text-align-center\" style=\"font-size:15px\">APEX ECO BUILDING somos una empresa l\u00edder que ofrece a todo el mundo las mejores casas m\u00f3viles y casas manufacturadas en una variedad de estilos, planos de distribuci\u00f3n y rango de precios que satisfacen los diferentes estilos y necesidades de nuestros clientes. Con el uso del sistema innovador \u201cAPEX ECO-HOUSE\u201d casas prefabricadas.<br><\/p>\n\n\n\n<p class=\"has-text-align-center\" style=\"font-size:15px\">Proporcionamos una variedad de soluciones de fabricaci\u00f3n tanto individual como multi-familiar, casas vacacionales y comerciales para desarrolladores de vivienda, Constructores, Arquitectos, Instituciones y Empresas que requieran de edificaciones prefabricadas con calidad y pronta entrega para sus proyectos.<\/p>\n<\/div><\/div>\n\n\n\n<div style=\"height:50px\" aria-hidden=\"true\" class=\"wp-block-spacer\"><\/div>\n","protected":false},"excerpt":{"rendered":"<p>APEX ECO BUILDING somos una empresa l\u00edder que ofrece a todo el mundo las mejores casas m\u00f3viles, casas manufacturadas&#8230;<\/p>\n","protected":false},"author":2,"featured_media":0,"parent":0,"menu_order":0,"comment_status":"closed","ping_status":"closed","template":"","meta":{"footnotes":""},"class_list":["post-106","page","type-page","status-publish","hentry"],"_links":{"self":[{"href":"https:\/\/www.apexecohouse.com\/home\/wp-json\/wp\/v2\/pages\/106","targetHints":{"allow":["GET"]}}],"collection":[{"href":"https:\/\/www.apexecohouse.com\/home\/wp-json\/wp\/v2\/pages"}],"about":[{"href":"https:\/\/www.apexecohouse.com\/home\/wp-json\/wp\/v2\/types\/page"}],"author":[{"embeddable":true,"href":"https:\/\/www.apexecohouse.com\/home\/wp-json\/wp\/v2\/users\/2"}],"replies":[{"embeddable":true,"href":"https:\/\/www.apexecohouse.com\/home\/wp-json\/wp\/v2\/comments?post=106"}],"version-history":[{"count":0,"href":"https:\/\/www.apexecohouse.com\/home\/wp-json\/wp\/v2\/pages\/106\/revisions"}],"wp:attachment":[{"href":"https:\/\/www.apexecohouse.com\/home\/wp-json\/wp\/v2\/media?parent=106"}],"curies":[{"name":"wp","href":"https:\/\/api.w.org\/{rel}","templated":true}]}}