{"id":125,"date":"2024-01-03T20:50:13","date_gmt":"2024-01-03T20:50:13","guid":{"rendered":"https:\/\/apexecobuilding.com\/home\/?page_id=125"},"modified":"2024-01-03T20:50:13","modified_gmt":"2024-01-03T20:50:13","slug":"apex-eco-house","status":"publish","type":"page","link":"https:\/\/www.apexecohouse.com\/home\/apex-eco-house\/","title":{"rendered":"APEX ECO-HOUSE"},"content":{"rendered":"\n<div style=\"height:70px\" aria-hidden=\"true\" class=\"wp-block-spacer\"><\/div>\n\n\n\n<p class=\"has-large-font-size\"><strong>APEX ECO-HOUSE<\/strong><\/p>\n\n\n\n<div style=\"height:50px\" aria-hidden=\"true\" class=\"wp-block-spacer\"><\/div>\n\n\n\n<hr class=\"wp-block-separator has-alpha-channel-opacity is-style-wide\"\/>\n\n\n\n<div style=\"height:54px\" aria-hidden=\"true\" class=\"wp-block-spacer\"><\/div>\n\n\n\n<p class=\"has-text-align-center has-large-font-size\"><strong>APEX ECO-BUILDING<\/strong><\/p>\n\n\n\n<div style=\"height:20px\" aria-hidden=\"true\" class=\"wp-block-spacer\"><\/div>\n\n\n\n<p class=\"has-text-align-center has-medium-font-size\">Apex Eco- Building cuenta con la patente del sistema \u00abApex Eco-HouseSystems\u00bb<\/p>\n\n\n\n<div style=\"height:10px\" aria-hidden=\"true\" class=\"wp-block-spacer\"><\/div>\n\n\n\n<p class=\"has-text-align-center\">APEX ECO-BUILDING se distinga entre sus competidores es nuestro compromiso con la calidad. Los servicios que ofrecemos est\u00e1n a cargo de profesionales que manejar\u00e1n su proyecto con el mayor cuidado posible. Ya sea que necesite alg\u00fan trabajo menor o est\u00e9 pensando en comenzar con un proyecto m\u00e1s grande, usted d\u00edganos y con gusto lo atenderemos.<\/p>\n\n\n\n<div style=\"height:50px\" aria-hidden=\"true\" class=\"wp-block-spacer\"><\/div>\n\n\n\n<div class=\"wp-block-media-text is-stacked-on-mobile has-background\" style=\"background-color:#f3c2a1\"><figure class=\"wp-block-media-text__media\"><img loading=\"lazy\" decoding=\"async\" width=\"640\" height=\"640\" src=\"https:\/\/www.apexecohouse.com\/home\/wp-content\/uploads\/2023\/12\/FondosPag-Apex6.jpg\" alt=\"\" class=\"wp-image-72 size-full\" srcset=\"https:\/\/www.apexecohouse.com\/home\/wp-content\/uploads\/2023\/12\/FondosPag-Apex6.jpg 640w, https:\/\/www.apexecohouse.com\/home\/wp-content\/uploads\/2023\/12\/FondosPag-Apex6-300x300.jpg 300w, https:\/\/www.apexecohouse.com\/home\/wp-content\/uploads\/2023\/12\/FondosPag-Apex6-150x150.jpg 150w\" sizes=\"auto, (max-width: 640px) 100vw, 640px\" \/><\/figure><div class=\"wp-block-media-text__content\">\n<p class=\"has-text-align-center has-medium-font-size\"><strong>VIVE EL FUTURO HOY<\/strong><\/p>\n\n\n\n<hr class=\"wp-block-separator has-alpha-channel-opacity is-style-wide\"\/>\n\n\n\n<div style=\"height:20px\" aria-hidden=\"true\" class=\"wp-block-spacer\"><\/div>\n\n\n\n<p class=\"has-text-align-center\">Contamos con la patente del Sistema \u201cApex Eco-House\u201d que consiste en una estructura de acero inoxidable con un n\u00facleo de poliestireno expandido (EPS), y est\u00e1 recubierto con placas de \ufb01brocemento fabricado con las m\u00e1s avanzada tecnolog\u00eda (se puede recubrir con otros materiales). EPS se utiliza en la construcci\u00f3n desde 1951, es un material aislante excepcionalmente vers\u00e1til es bien conocido por su durabilidad, estabilidad t\u00e9rmica, y la seguridad. La estructura de acero es excepcionalmente fuerte, resistente y duradera. La estructura de acero es 4 veces m\u00e1s fuerte que la madero y 3 veces m\u00e1s que block o ladrillo, Con nuestro sistema podemos crear cualquier tipo de proyecto arquitect\u00f3nico, tanto casas, edificios oficinas o centro comerciales, pero con mayor eficiencia que la construcci\u00f3n habitual.<\/p>\n<\/div><\/div>\n\n\n\n<div style=\"height:50px\" aria-hidden=\"true\" class=\"wp-block-spacer\"><\/div>\n\n\n\n<div class=\"wp-block-media-text has-media-on-the-right is-stacked-on-mobile has-background\" style=\"background-color:#f3c2a1\"><div class=\"wp-block-media-text__content\">\n<p class=\"has-text-align-center has-medium-font-size\"><strong>Los mejores dise\u00f1os<\/strong><\/p>\n\n\n\n<hr class=\"wp-block-separator has-alpha-channel-opacity is-style-wide\"\/>\n\n\n\n<div style=\"height:20px\" aria-hidden=\"true\" class=\"wp-block-spacer\"><\/div>\n\n\n\n<p class=\"has-text-align-center\">Nuestro sistema esta dise\u00f1ado para el usos de materiales ecol\u00f3gicos, pero se puede adaptar a petici\u00f3n.<\/p>\n\n\n\n<p class=\"has-text-align-center\">\u00a0Los materiales como el acero se consideran d\u00factiles, lo que los hace m\u00e1s adecuados para su uso en la construcci\u00f3n de una estructura. La colocaci\u00f3n de placas de fibrocemento que son instaladas sobre estructuras met\u00e1licas para lograr la construcci\u00f3n de techos, entrepisos, paredes internas, paredes externas, fachadas y m\u00e1s. Esta t\u00e9cnica es totalmente segura y tiene un excelente desempe\u00f1o comprobado ante sismos y huracanes.<\/p>\n<\/div><figure class=\"wp-block-media-text__media\"><img loading=\"lazy\" decoding=\"async\" width=\"640\" height=\"640\" src=\"https:\/\/www.apexecohouse.com\/home\/wp-content\/uploads\/2023\/11\/FondosPag-Apex3.jpg\" alt=\"\" class=\"wp-image-48 size-full\" srcset=\"https:\/\/www.apexecohouse.com\/home\/wp-content\/uploads\/2023\/11\/FondosPag-Apex3.jpg 640w, https:\/\/www.apexecohouse.com\/home\/wp-content\/uploads\/2023\/11\/FondosPag-Apex3-300x300.jpg 300w, https:\/\/www.apexecohouse.com\/home\/wp-content\/uploads\/2023\/11\/FondosPag-Apex3-150x150.jpg 150w\" sizes=\"auto, (max-width: 640px) 100vw, 640px\" \/><\/figure><\/div>\n\n\n\n<div style=\"height:50px\" aria-hidden=\"true\" class=\"wp-block-spacer\"><\/div>\n\n\n\n<div class=\"wp-block-media-text is-stacked-on-mobile has-background\" style=\"background-color:#f3c2a1\"><figure class=\"wp-block-media-text__media\"><img loading=\"lazy\" decoding=\"async\" width=\"640\" height=\"640\" src=\"https:\/\/www.apexecohouse.com\/home\/wp-content\/uploads\/2023\/12\/FondosPag-Apex7.jpg\" alt=\"\" class=\"wp-image-76 size-full\" srcset=\"https:\/\/www.apexecohouse.com\/home\/wp-content\/uploads\/2023\/12\/FondosPag-Apex7.jpg 640w, https:\/\/www.apexecohouse.com\/home\/wp-content\/uploads\/2023\/12\/FondosPag-Apex7-300x300.jpg 300w, https:\/\/www.apexecohouse.com\/home\/wp-content\/uploads\/2023\/12\/FondosPag-Apex7-150x150.jpg 150w\" sizes=\"auto, (max-width: 640px) 100vw, 640px\" \/><\/figure><div class=\"wp-block-media-text__content\">\n<p class=\"has-text-align-center has-medium-font-size\"><strong>Calidad a su servicio<\/strong><\/p>\n\n\n\n<hr class=\"wp-block-separator has-alpha-channel-opacity is-style-wide\"\/>\n\n\n\n<div style=\"height:20px\" aria-hidden=\"true\" class=\"wp-block-spacer\"><\/div>\n\n\n\n<p class=\"has-text-align-center\">El \ufb01brocemento es un material totalmente vers\u00e1til, modular y liviano, resistente como el cemento, es la combinaci\u00f3n ideal para garantizar obras seguras que perduren para toda la vida. Ofrece resistencia al impacto, humedad, plagas y hongos.&nbsp;<\/p>\n\n\n\n<p class=\"has-text-align-center\">Adem\u00e1s, es incombustible y tiene una alta durabilidad y vida \u00fatil \u201cApex Eco-House\u201d &nbsp;Ahora se puede construir una vivienda ecol\u00f3gica y as\u00ed obtener una mayor calidad de vida, generando ahorros en su gasto familiar mensual derivados a las ecotecnolog\u00edas que disminuyen los consumos de energ\u00eda el\u00e9ctrica, agua y gas.<\/p>\n<\/div><\/div>\n\n\n\n<div style=\"height:50px\" aria-hidden=\"true\" class=\"wp-block-spacer\"><\/div>\n","protected":false},"excerpt":{"rendered":"<p>APEX ECO-HOUSE APEX ECO-BUILDING Apex Eco- Building cuenta con la patente del sistema \u00abApex Eco-HouseSystems\u00bb APEX ECO-BUILDING se distinga entre sus competidores es nuestro compromiso con la calidad. Los servicios que ofrecemos est\u00e1n a cargo de profesionales que manejar\u00e1n su proyecto con el mayor cuidado posible. Ya sea que necesite alg\u00fan trabajo menor o est\u00e9 [&hellip;]<\/p>\n","protected":false},"author":2,"featured_media":175,"parent":0,"menu_order":0,"comment_status":"closed","ping_status":"closed","template":"","meta":{"footnotes":""},"class_list":["post-125","page","type-page","status-publish","has-post-thumbnail","hentry"],"_links":{"self":[{"href":"https:\/\/www.apexecohouse.com\/home\/wp-json\/wp\/v2\/pages\/125","targetHints":{"allow":["GET"]}}],"collection":[{"href":"https:\/\/www.apexecohouse.com\/home\/wp-json\/wp\/v2\/pages"}],"about":[{"href":"https:\/\/www.apexecohouse.com\/home\/wp-json\/wp\/v2\/types\/page"}],"author":[{"embeddable":true,"href":"https:\/\/www.apexecohouse.com\/home\/wp-json\/wp\/v2\/users\/2"}],"replies":[{"embeddable":true,"href":"https:\/\/www.apexecohouse.com\/home\/wp-json\/wp\/v2\/comments?post=125"}],"version-history":[{"count":0,"href":"https:\/\/www.apexecohouse.com\/home\/wp-json\/wp\/v2\/pages\/125\/revisions"}],"wp:featuredmedia":[{"embeddable":true,"href":"https:\/\/www.apexecohouse.com\/home\/wp-json\/wp\/v2\/media\/175"}],"wp:attachment":[{"href":"https:\/\/www.apexecohouse.com\/home\/wp-json\/wp\/v2\/media?parent=125"}],"curies":[{"name":"wp","href":"https:\/\/api.w.org\/{rel}","templated":true}]}}