{"id":138,"date":"2024-01-03T21:13:55","date_gmt":"2024-01-03T21:13:55","guid":{"rendered":"https:\/\/apexecobuilding.com\/home\/?page_id=138"},"modified":"2024-01-03T21:13:55","modified_gmt":"2024-01-03T21:13:55","slug":"diseno","status":"publish","type":"page","link":"https:\/\/www.apexecohouse.com\/home\/diseno\/","title":{"rendered":"Dise\u00f1o"},"content":{"rendered":"\n<div style=\"height:70px\" aria-hidden=\"true\" class=\"wp-block-spacer\"><\/div>\n\n\n\n<p class=\"has-large-font-size\"><strong>Dise\u00f1o<\/strong><\/p>\n\n\n\n<div style=\"height:50px\" aria-hidden=\"true\" class=\"wp-block-spacer\"><\/div>\n\n\n\n<hr class=\"wp-block-separator has-alpha-channel-opacity is-style-wide\"\/>\n\n\n\n<div style=\"height:50px\" aria-hidden=\"true\" class=\"wp-block-spacer\"><\/div>\n\n\n\n<div class=\"wp-block-media-text is-stacked-on-mobile has-background\" style=\"background-color:#97e7bb\"><figure class=\"wp-block-media-text__media\"><img loading=\"lazy\" decoding=\"async\" width=\"640\" height=\"640\" src=\"https:\/\/www.apexecohouse.com\/home\/wp-content\/uploads\/2023\/12\/FondosPag-Apex9.jpg\" alt=\"\" class=\"wp-image-84 size-full\" srcset=\"https:\/\/www.apexecohouse.com\/home\/wp-content\/uploads\/2023\/12\/FondosPag-Apex9.jpg 640w, https:\/\/www.apexecohouse.com\/home\/wp-content\/uploads\/2023\/12\/FondosPag-Apex9-300x300.jpg 300w, https:\/\/www.apexecohouse.com\/home\/wp-content\/uploads\/2023\/12\/FondosPag-Apex9-150x150.jpg 150w\" sizes=\"auto, (max-width: 640px) 100vw, 640px\" \/><\/figure><div class=\"wp-block-media-text__content\">\n<p class=\"has-text-align-center has-medium-font-size\"><strong>DISE\u00d1O<\/strong><\/p>\n\n\n\n<hr class=\"wp-block-separator has-alpha-channel-opacity is-style-wide\"\/>\n\n\n\n<div style=\"height:20px\" aria-hidden=\"true\" class=\"wp-block-spacer\"><\/div>\n\n\n\n<p class=\"has-text-align-center\">Sus deseos se har\u00e1n realidad. Nuestros expertos le explicar\u00e1n claramente las opciones que tiene y responder\u00e1n a cada una de sus preguntas.<\/p>\n\n\n\n<p class=\"has-text-align-center\">Trabajamos de manera muy cercana a nuestros clientes para garantizar que cumplamos (y excedamos) sus expectativas.<\/p>\n\n\n\n<p class=\"has-text-align-center\">Cont\u00e1ctenos para recibir m\u00e1s informaci\u00f3n.<\/p>\n<\/div><\/div>\n\n\n\n<div style=\"height:100px\" aria-hidden=\"true\" class=\"wp-block-spacer\"><\/div>\n","protected":false},"excerpt":{"rendered":"<p>Sus deseos se har\u00e1n realidad. Nuestros expertos le explicar\u00e1n claramente las opciones que tiene y responder\u00e1n a cada una de sus preguntas.<\/p>\n","protected":false},"author":2,"featured_media":0,"parent":0,"menu_order":0,"comment_status":"closed","ping_status":"closed","template":"","meta":{"footnotes":""},"class_list":["post-138","page","type-page","status-publish","hentry"],"_links":{"self":[{"href":"https:\/\/www.apexecohouse.com\/home\/wp-json\/wp\/v2\/pages\/138","targetHints":{"allow":["GET"]}}],"collection":[{"href":"https:\/\/www.apexecohouse.com\/home\/wp-json\/wp\/v2\/pages"}],"about":[{"href":"https:\/\/www.apexecohouse.com\/home\/wp-json\/wp\/v2\/types\/page"}],"author":[{"embeddable":true,"href":"https:\/\/www.apexecohouse.com\/home\/wp-json\/wp\/v2\/users\/2"}],"replies":[{"embeddable":true,"href":"https:\/\/www.apexecohouse.com\/home\/wp-json\/wp\/v2\/comments?post=138"}],"version-history":[{"count":0,"href":"https:\/\/www.apexecohouse.com\/home\/wp-json\/wp\/v2\/pages\/138\/revisions"}],"wp:attachment":[{"href":"https:\/\/www.apexecohouse.com\/home\/wp-json\/wp\/v2\/media?parent=138"}],"curies":[{"name":"wp","href":"https:\/\/api.w.org\/{rel}","templated":true}]}}