{"id":141,"date":"2024-01-03T21:20:36","date_gmt":"2024-01-03T21:20:36","guid":{"rendered":"https:\/\/apexecobuilding.com\/home\/?page_id=141"},"modified":"2024-01-03T21:20:36","modified_gmt":"2024-01-03T21:20:36","slug":"construccion","status":"publish","type":"page","link":"https:\/\/www.apexecohouse.com\/home\/construccion\/","title":{"rendered":"Construcci\u00f3n"},"content":{"rendered":"\n<div style=\"height:70px\" aria-hidden=\"true\" class=\"wp-block-spacer\"><\/div>\n\n\n\n<p class=\"has-large-font-size\"><strong>Construcci\u00f3n<\/strong><\/p>\n\n\n\n<div style=\"height:50px\" aria-hidden=\"true\" class=\"wp-block-spacer\"><\/div>\n\n\n\n<hr class=\"wp-block-separator has-alpha-channel-opacity is-style-wide\"\/>\n\n\n\n<div style=\"height:50px\" aria-hidden=\"true\" class=\"wp-block-spacer\"><\/div>\n\n\n\n<div class=\"wp-block-media-text is-stacked-on-mobile has-background\" style=\"background-color:#97e7bb\"><figure class=\"wp-block-media-text__media\"><img loading=\"lazy\" decoding=\"async\" width=\"640\" height=\"640\" src=\"https:\/\/www.apexecohouse.com\/home\/wp-content\/uploads\/2023\/12\/FondosPag-Apex5.jpg\" alt=\"\" class=\"wp-image-67 size-full\" srcset=\"https:\/\/www.apexecohouse.com\/home\/wp-content\/uploads\/2023\/12\/FondosPag-Apex5.jpg 640w, https:\/\/www.apexecohouse.com\/home\/wp-content\/uploads\/2023\/12\/FondosPag-Apex5-300x300.jpg 300w, https:\/\/www.apexecohouse.com\/home\/wp-content\/uploads\/2023\/12\/FondosPag-Apex5-150x150.jpg 150w\" sizes=\"auto, (max-width: 640px) 100vw, 640px\" \/><\/figure><div class=\"wp-block-media-text__content\">\n<p class=\"has-text-align-center has-medium-font-size\"><strong>CONSTRUCCI\u00d3N<\/strong><\/p>\n\n\n\n<hr class=\"wp-block-separator has-alpha-channel-opacity is-style-wide\"\/>\n\n\n\n<div style=\"height:20px\" aria-hidden=\"true\" class=\"wp-block-spacer\"><\/div>\n\n\n\n<p class=\"has-text-align-center\">APEX ECO-BUILDING tiene mucha experiencia en este tipo de servicios; utilizamos \u00fanicamente materiales y equipos de marcas reconocidas. Le ofrecemos asesor\u00eda profesional con sus proyectos para que \u00e9ste se adecue a su presupuesto.<\/p>\n\n\n\n<p class=\"has-text-align-center\">Buscamos satisfacer a nuestros clientes a trav\u00e9s de una comunicaci\u00f3n clara para que est\u00e9n enterados de los avances del proyecto.<\/p>\n\n\n\n<p class=\"has-text-align-center\">Ofrecemos una amplia gama de servicios de construcci\u00f3n, pre-construcci\u00f3n y planificaci\u00f3n espec\u00edficamente para satisfacer las necesidades de nuestros clientes.<\/p>\n\n\n\n<p class=\"has-text-align-center\">Todos los servicios son altamente motivados y con experiencia del equipo de profesionales que trabajan en colaboraci\u00f3n para determinar las mejores soluciones para nuestros clientes. Su trabajo, y gran parte de la planificaci\u00f3n de proyectos y construcci\u00f3n se maneja en una forma virtual utilizando la mayor tecnolog\u00eda (software m\u00e1s modernos).<\/p>\n<\/div><\/div>\n\n\n\n<div style=\"height:100px\" aria-hidden=\"true\" class=\"wp-block-spacer\"><\/div>\n","protected":false},"excerpt":{"rendered":"<p>Ofrecemos una amplia gama de servicios de construcci\u00f3n, pre-construcci\u00f3n y planificaci\u00f3n para satisfacer las necesidades de nuestros clientes.<\/p>\n","protected":false},"author":2,"featured_media":0,"parent":0,"menu_order":0,"comment_status":"closed","ping_status":"closed","template":"","meta":{"footnotes":""},"class_list":["post-141","page","type-page","status-publish","hentry"],"_links":{"self":[{"href":"https:\/\/www.apexecohouse.com\/home\/wp-json\/wp\/v2\/pages\/141","targetHints":{"allow":["GET"]}}],"collection":[{"href":"https:\/\/www.apexecohouse.com\/home\/wp-json\/wp\/v2\/pages"}],"about":[{"href":"https:\/\/www.apexecohouse.com\/home\/wp-json\/wp\/v2\/types\/page"}],"author":[{"embeddable":true,"href":"https:\/\/www.apexecohouse.com\/home\/wp-json\/wp\/v2\/users\/2"}],"replies":[{"embeddable":true,"href":"https:\/\/www.apexecohouse.com\/home\/wp-json\/wp\/v2\/comments?post=141"}],"version-history":[{"count":0,"href":"https:\/\/www.apexecohouse.com\/home\/wp-json\/wp\/v2\/pages\/141\/revisions"}],"wp:attachment":[{"href":"https:\/\/www.apexecohouse.com\/home\/wp-json\/wp\/v2\/media?parent=141"}],"curies":[{"name":"wp","href":"https:\/\/api.w.org\/{rel}","templated":true}]}}