{"id":160,"date":"2024-01-03T22:33:23","date_gmt":"2024-01-03T22:33:23","guid":{"rendered":"https:\/\/apexecobuilding.com\/home\/?page_id=160"},"modified":"2024-01-03T22:33:23","modified_gmt":"2024-01-03T22:33:23","slug":"beneficios","status":"publish","type":"page","link":"https:\/\/www.apexecohouse.com\/home\/beneficios\/","title":{"rendered":"Beneficios"},"content":{"rendered":"\n<div style=\"height:70px\" aria-hidden=\"true\" class=\"wp-block-spacer\"><\/div>\n\n\n\n<p class=\"has-large-font-size\"><strong>Beneficios<\/strong><\/p>\n\n\n\n<div style=\"height:50px\" aria-hidden=\"true\" class=\"wp-block-spacer\"><\/div>\n\n\n\n<hr class=\"wp-block-separator has-alpha-channel-opacity is-style-wide\"\/>\n\n\n\n<div style=\"height:50px\" aria-hidden=\"true\" class=\"wp-block-spacer\"><\/div>\n\n\n\n<p class=\"has-text-align-center has-large-font-size\"><strong>APEX ECO-BUILDING<\/strong><\/p>\n\n\n\n<div style=\"height:20px\" aria-hidden=\"true\" class=\"wp-block-spacer\"><\/div>\n\n\n\n<p class=\"has-text-align-center\">Apex Eco- Building cuenta con la patente del sistema \u00abApex Eco-HouseSystems\u00bb, la cual nos arroja m\u00faltiples beneficios que a continuaci\u00f3n los mencionamos:<\/p>\n\n\n\n<div style=\"height:50px\" aria-hidden=\"true\" class=\"wp-block-spacer\"><\/div>\n\n\n\n<div class=\"wp-block-media-text is-stacked-on-mobile has-background\" style=\"background-color:#4a89724f\"><figure class=\"wp-block-media-text__media\"><img loading=\"lazy\" decoding=\"async\" width=\"640\" height=\"640\" src=\"https:\/\/www.apexecohouse.com\/home\/wp-content\/uploads\/2023\/11\/FondosPag-Apex4.jpg\" alt=\"\" class=\"wp-image-51 size-full\" srcset=\"https:\/\/www.apexecohouse.com\/home\/wp-content\/uploads\/2023\/11\/FondosPag-Apex4.jpg 640w, https:\/\/www.apexecohouse.com\/home\/wp-content\/uploads\/2023\/11\/FondosPag-Apex4-300x300.jpg 300w, https:\/\/www.apexecohouse.com\/home\/wp-content\/uploads\/2023\/11\/FondosPag-Apex4-150x150.jpg 150w\" sizes=\"auto, (max-width: 640px) 100vw, 640px\" \/><\/figure><div class=\"wp-block-media-text__content\">\n<p class=\"has-text-align-center has-medium-font-size\"><strong>TIEMPO DE CONSTRUCCI\u00d3N<\/strong><\/p>\n\n\n\n<hr class=\"wp-block-separator has-alpha-channel-opacity is-style-wide\"\/>\n\n\n\n<div style=\"height:20px\" aria-hidden=\"true\" class=\"wp-block-spacer\"><\/div>\n\n\n\n<p class=\"has-text-align-center\">Tener tiempo corto de construcci\u00f3n es de suma importantica, con el sistema de Apex Eco-House, hemos logrados considerablemente la reducci\u00f3n del tiempo para completar una casa de cualquier tama\u00f1o. Con esto poder iniciar nuevos proyectos lo m\u00e1s pronto posible, logrando as\u00ed mejores rendimiento.<\/p>\n<\/div><\/div>\n\n\n\n<div style=\"height:50px\" aria-hidden=\"true\" class=\"wp-block-spacer\"><\/div>\n\n\n\n<div class=\"wp-block-media-text has-media-on-the-right is-stacked-on-mobile has-background\" style=\"background-color:#4a89724f\"><div class=\"wp-block-media-text__content\">\n<p class=\"has-text-align-center has-medium-font-size\"><strong>EFICIENCIA TERMICA<\/strong><\/p>\n\n\n\n<hr class=\"wp-block-separator has-alpha-channel-opacity is-style-wide\"\/>\n\n\n\n<div style=\"height:20px\" aria-hidden=\"true\" class=\"wp-block-spacer\"><\/div>\n\n\n\n<p>Se recomienda el uso de Puertas macizas para exteriores, ventanas de doble panel y con la espuma de poliestireno expandido (EPS) con esto logramos ofrecer lo \u00faltimo en e\ufb01ciencia energ\u00e9tica y el confort.<\/p>\n\n\n\n<p>El costo de la electricidad disminuir\u00e1 considerablemente durante el periodo de calor, es facil mantener la casa fresca y viceversa para tiempos de invierno.<\/p>\n<\/div><figure class=\"wp-block-media-text__media\"><img loading=\"lazy\" decoding=\"async\" width=\"640\" height=\"640\" src=\"https:\/\/www.apexecohouse.com\/home\/wp-content\/uploads\/2023\/11\/FondosPag-Apex3.jpg\" alt=\"\" class=\"wp-image-48 size-full\" srcset=\"https:\/\/www.apexecohouse.com\/home\/wp-content\/uploads\/2023\/11\/FondosPag-Apex3.jpg 640w, https:\/\/www.apexecohouse.com\/home\/wp-content\/uploads\/2023\/11\/FondosPag-Apex3-300x300.jpg 300w, https:\/\/www.apexecohouse.com\/home\/wp-content\/uploads\/2023\/11\/FondosPag-Apex3-150x150.jpg 150w\" sizes=\"auto, (max-width: 640px) 100vw, 640px\" \/><\/figure><\/div>\n\n\n\n<div style=\"height:50px\" aria-hidden=\"true\" class=\"wp-block-spacer\"><\/div>\n\n\n\n<div class=\"wp-block-media-text is-stacked-on-mobile has-background\" style=\"background-color:#4a89724f\"><figure class=\"wp-block-media-text__media\"><img loading=\"lazy\" decoding=\"async\" width=\"640\" height=\"640\" src=\"https:\/\/www.apexecohouse.com\/home\/wp-content\/uploads\/2023\/11\/FondosPag-Apex1.jpg\" alt=\"\" class=\"wp-image-37 size-full\" srcset=\"https:\/\/www.apexecohouse.com\/home\/wp-content\/uploads\/2023\/11\/FondosPag-Apex1.jpg 640w, https:\/\/www.apexecohouse.com\/home\/wp-content\/uploads\/2023\/11\/FondosPag-Apex1-300x300.jpg 300w, https:\/\/www.apexecohouse.com\/home\/wp-content\/uploads\/2023\/11\/FondosPag-Apex1-150x150.jpg 150w\" sizes=\"auto, (max-width: 640px) 100vw, 640px\" \/><\/figure><div class=\"wp-block-media-text__content\">\n<p class=\"has-text-align-center has-medium-font-size\"><strong>SEGURIDAD Y RENDIMIENTO<\/strong><\/p>\n\n\n\n<hr class=\"wp-block-separator has-alpha-channel-opacity is-style-wide\"\/>\n\n\n\n<div style=\"height:20px\" aria-hidden=\"true\" class=\"wp-block-spacer\"><\/div>\n\n\n\n<p class=\"has-text-align-center\">Los materiales como el acero se consideran d\u00factiles, lo que los hace m\u00e1s adecuados para su uso en la construcci\u00f3n de una estructura. La colocaci\u00f3n de placas de fibrocemento que son instaladas sobre estructuras met\u00e1licas para lograr la construcci\u00f3n de techos, entrepisos, paredes internas, paredes externas, fachadas y m\u00e1s. Esta t\u00e9cnica es totalmente segura y tiene un excelente desempe\u00f1o comprobado ante sismos y huracanes.<br><br>Aunado a esto; los materiales que usamos son totalmente vers\u00e1tiles, modulares, livianos, resistentes como el cemento y son la combinaci\u00f3n ideal para garantizar obras seguras que perduren para toda la vida.<\/p>\n<\/div><\/div>\n\n\n\n<div style=\"height:50px\" aria-hidden=\"true\" class=\"wp-block-spacer\"><\/div>\n\n\n\n<div class=\"wp-block-media-text has-media-on-the-right is-stacked-on-mobile has-background\" style=\"background-color:#4a89724f\"><div class=\"wp-block-media-text__content\">\n<p class=\"has-text-align-center has-medium-font-size\"><strong>MAS BENEFICIOS<\/strong><\/p>\n\n\n\n<hr class=\"wp-block-separator has-alpha-channel-opacity is-style-wide\"\/>\n\n\n\n<div style=\"height:20px\" aria-hidden=\"true\" class=\"wp-block-spacer\"><\/div>\n\n\n\n<p>\u2022 Mayor resistencia a temblores<br>\u2022 Ahorra de energ\u00eda el\u00e9ctrica.<br>\u2022 No \ufb02ameable (resistente al fuego y altas temperaturas).<br>\u2022 Aislada en sus totalidad t\u00e9rmico-ac\u00fastico.<br>\u2022 Resistencia a la lluvia, nieve y vientos.<br>\u2022 Resistente como el cemento.<br>\u2022 Resistente a termitas, bacterias y anti hongos (excelente para lugares de climas extremosos).<br>\u2022 Flexibilidad de desplazamiento de temblores<br>\u2022 Tiempo de instalaci\u00f3n r\u00e1pida.<br>\u2022 Materiales ecol\u00f3gicos.<br>\u2022 Proveen aislamientos de ruido.<br>\u2022 Materiales altamente t\u00e9rmicos.<br>\u2022 Pruebas al impacto.<\/p>\n<\/div><figure class=\"wp-block-media-text__media\"><img loading=\"lazy\" decoding=\"async\" width=\"640\" height=\"640\" src=\"https:\/\/www.apexecohouse.com\/home\/wp-content\/uploads\/2023\/11\/FondosPag-Apex2.jpg\" alt=\"\" class=\"wp-image-43 size-full\" srcset=\"https:\/\/www.apexecohouse.com\/home\/wp-content\/uploads\/2023\/11\/FondosPag-Apex2.jpg 640w, https:\/\/www.apexecohouse.com\/home\/wp-content\/uploads\/2023\/11\/FondosPag-Apex2-300x300.jpg 300w, https:\/\/www.apexecohouse.com\/home\/wp-content\/uploads\/2023\/11\/FondosPag-Apex2-150x150.jpg 150w\" sizes=\"auto, (max-width: 640px) 100vw, 640px\" \/><\/figure><\/div>\n\n\n\n<div style=\"height:100px\" aria-hidden=\"true\" class=\"wp-block-spacer\"><\/div>\n","protected":false},"excerpt":{"rendered":"<p>Beneficios APEX ECO-BUILDING Apex Eco- Building cuenta con la patente del sistema \u00abApex Eco-HouseSystems\u00bb, la cual nos arroja m\u00faltiples beneficios que a continuaci\u00f3n los mencionamos:<\/p>\n","protected":false},"author":2,"featured_media":0,"parent":0,"menu_order":0,"comment_status":"closed","ping_status":"closed","template":"","meta":{"footnotes":""},"class_list":["post-160","page","type-page","status-publish","hentry"],"_links":{"self":[{"href":"https:\/\/www.apexecohouse.com\/home\/wp-json\/wp\/v2\/pages\/160","targetHints":{"allow":["GET"]}}],"collection":[{"href":"https:\/\/www.apexecohouse.com\/home\/wp-json\/wp\/v2\/pages"}],"about":[{"href":"https:\/\/www.apexecohouse.com\/home\/wp-json\/wp\/v2\/types\/page"}],"author":[{"embeddable":true,"href":"https:\/\/www.apexecohouse.com\/home\/wp-json\/wp\/v2\/users\/2"}],"replies":[{"embeddable":true,"href":"https:\/\/www.apexecohouse.com\/home\/wp-json\/wp\/v2\/comments?post=160"}],"version-history":[{"count":0,"href":"https:\/\/www.apexecohouse.com\/home\/wp-json\/wp\/v2\/pages\/160\/revisions"}],"wp:attachment":[{"href":"https:\/\/www.apexecohouse.com\/home\/wp-json\/wp\/v2\/media?parent=160"}],"curies":[{"name":"wp","href":"https:\/\/api.w.org\/{rel}","templated":true}]}}