{"id":166,"date":"2024-01-03T23:13:47","date_gmt":"2024-01-03T23:13:47","guid":{"rendered":"https:\/\/apexecobuilding.com\/home\/?page_id=166"},"modified":"2024-01-03T23:13:47","modified_gmt":"2024-01-03T23:13:47","slug":"casas-moviles","status":"publish","type":"page","link":"https:\/\/www.apexecohouse.com\/home\/casas-moviles\/","title":{"rendered":"Casas M\u00f3viles"},"content":{"rendered":"\n<div style=\"height:70px\" aria-hidden=\"true\" class=\"wp-block-spacer\"><\/div>\n\n\n\n<p class=\"has-large-font-size\"><strong>Casas M\u00f3viles<\/strong><\/p>\n\n\n\n<div style=\"height:50px\" aria-hidden=\"true\" class=\"wp-block-spacer\"><\/div>\n\n\n\n<hr class=\"wp-block-separator has-alpha-channel-opacity is-style-wide\"\/>\n\n\n\n<div style=\"height:50px\" aria-hidden=\"true\" class=\"wp-block-spacer\"><\/div>\n\n\n\n<p>Nunca antes fue tan f\u00e1cil crear dise\u00f1os personalizados. Somos especialistas en construir productos de alta calidad para diferentes cuestiones. D\u00edganos que es lo que necesita y nosotros haremos lo posible para realizarlo.<\/p>\n\n\n\n<p>APEX ECO-BUILDING es una empresa que ofrece a todo el mundo las mejores casas m\u00f3viles en una variedad de estilos, planos de distribuci\u00f3n y rango de precios que satisfacen los diferentes estilos y necesidades de nuestros clientes.<\/p>\n\n\n\n<figure class=\"wp-block-image size-full\"><img loading=\"lazy\" decoding=\"async\" width=\"1920\" height=\"1280\" src=\"https:\/\/www.apexecohouse.com\/home\/wp-content\/uploads\/2024\/01\/haus-me-1.jpg\" alt=\"\" class=\"wp-image-167\" srcset=\"https:\/\/www.apexecohouse.com\/home\/wp-content\/uploads\/2024\/01\/haus-me-1.jpg 1920w, https:\/\/www.apexecohouse.com\/home\/wp-content\/uploads\/2024\/01\/haus-me-1-300x200.jpg 300w, https:\/\/www.apexecohouse.com\/home\/wp-content\/uploads\/2024\/01\/haus-me-1-1024x683.jpg 1024w, https:\/\/www.apexecohouse.com\/home\/wp-content\/uploads\/2024\/01\/haus-me-1-768x512.jpg 768w, https:\/\/www.apexecohouse.com\/home\/wp-content\/uploads\/2024\/01\/haus-me-1-1536x1024.jpg 1536w\" sizes=\"auto, (max-width: 1920px) 100vw, 1920px\" \/><\/figure>\n\n\n\n<p>\u00bfQu\u00e9 es una casa m\u00f3vil?<\/p>\n\n\n\n<p>Una casa m\u00f3vil es una vivienda que est\u00e1 construida sobre un marco de metal y puede ser trasladada de un lugar a otro. Es similar a una caravana, pero generalmente es m\u00e1s grande y est\u00e1 destinada a ser utilizada como hogar permanente en lugar de como hogar temporal durante las vacaciones o viajes. Las casas m\u00f3viles se pueden transportar en un remolque o en un cami\u00f3n y se pueden colocar en una parcela de tierra. Varias personas optan por vivir en una casa m\u00f3vil debido a su precio m\u00e1s asequible en comparaci\u00f3n con las viviendas tradicionales y a la flexibilidad de poder mudarse f\u00e1cilmente a diferentes lugares.<\/p>\n\n\n\n<p>Aqu\u00ed hay 10 ventajas potenciales de vivir en una casa m\u00f3vil:<\/p>\n\n\n\n<p>Costo m\u00e1s bajo: Las casas m\u00f3viles suelen tener un costo de compra y mantenimiento m\u00e1s bajo que las casas tradicionales.<br>Mayor flexibilidad: Con una casa m\u00f3vil, es m\u00e1s f\u00e1cil mudarse a otro lugar si necesita cambiar de ubicaci\u00f3n por cualquier motivo.<br>Ahorro de tiempo y dinero en reparaciones: Las casas m\u00f3viles suelen requerir menos reparaciones que las casas tradicionales, lo que puede ahorrar tiempo y dinero.<br>Mayor seguridad: Muchas casas m\u00f3viles tienen sistemas de seguridad instalados de serie, lo que puede hacerlas m\u00e1s seguras que las casas tradicionales.<br>Mayor eficiencia energ\u00e9tica: Las casas m\u00f3viles suelen ser m\u00e1s eficientes energ\u00e9ticamente que las casas tradicionales, lo que puede ayudar a ahorrar dinero en la factura de la luz.<br>F\u00e1cil de personalizar: Las casas m\u00f3viles son f\u00e1ciles de personalizar con la decoraci\u00f3n y el dise\u00f1o que desee.<br>Mayor comunidad: Las \u00e1reas de parques de casas m\u00f3viles suelen tener una mayor sensaci\u00f3n de comunidad y una mayor interacci\u00f3n entre los vecinos.<br>Menos responsabilidades: Vivir en una casa m\u00f3vil significa tener menos responsabilidades de mantenimiento, como cortar el c\u00e9sped y limpiar la nieve.<br>Mayor facilidad para viajar: Si le gusta viajar, puede llevar su casa m\u00f3vil con usted y tener un lugar c\u00f3modo donde quedarse en el camino.<br>Mayor tranquilidad: Las casas m\u00f3viles suelen estar ubicadas en \u00e1reas m\u00e1s tranquilas y alejadas del bullicio de la ciudad, lo que puede proporcionar un mayor nivel de tranquilidad y paz.<\/p>\n\n\n\n<p>Proporcionamos una variedad de soluciones de fabricaci\u00f3n tanto individual como multi-familiar.<\/p>\n\n\n\n<p>Que puede incluir<\/p>\n\n\n\n<p>Ofrecemos casas m\u00f3viles totalmente terminadas que puede contener 1 a 5 rec\u00e1maras, sala, comedor, cocina integral con electrodom\u00e9sticos, 1 o m\u00e1s ba\u00f1os completos y amueblados, cuarto familiar, despacho, alfombradas, paredes pintadas o texturizadas, pisos, encortinadas, ventanas con mosquiteros, rec\u00e1maras con closets, Cuarto de utiler\u00edas o lavander\u00eda, Calentador de Agua, Luminarias en el interior y exterior, conexiones en toda la casa, detectores de humo, Aire Acondicionado y Calefacci\u00f3n, Sistema de Ahorro de Energ\u00eda, Sistema El\u00e9ctrico o a gas, Sistema Hidr\u00e1ulico o como lo requiera nuestro clientes<\/p>\n\n\n\n<p>Tambi\u00e9n desarrollamos una variedad de prop\u00f3sitos como oficinas, showrooms, club houses, dormitorios, complejos de vivienda, cl\u00ednicas, aulas, salones de conferencias, laboratorios, casetas, almacenes.<\/p>\n\n\n\n<p>Est\u00e1ndares<br>Nuestras casas cumplen con los est\u00e1ndares propios de Construcci\u00f3n en Estados Unidos de Norteam\u00e9rica como:<br>DepartmentofHousing andUrban Development (HUD)<br>International BuildingCode (IRC)<br>Universal BuildingCode (UBC)<br>ANSI 119.5 BuildingCode<\/p>\n\n\n\n<div style=\"height:100px\" aria-hidden=\"true\" class=\"wp-block-spacer\"><\/div>\n","protected":false},"excerpt":{"rendered":"<p>Construimos las mejores casas m\u00f3viles en una variedad de estilos, planos de distribuci\u00f3n y necesidades de nuestros clientes.<\/p>\n","protected":false},"author":2,"featured_media":178,"parent":0,"menu_order":0,"comment_status":"closed","ping_status":"closed","template":"","meta":{"footnotes":""},"class_list":["post-166","page","type-page","status-publish","has-post-thumbnail","hentry"],"_links":{"self":[{"href":"https:\/\/www.apexecohouse.com\/home\/wp-json\/wp\/v2\/pages\/166","targetHints":{"allow":["GET"]}}],"collection":[{"href":"https:\/\/www.apexecohouse.com\/home\/wp-json\/wp\/v2\/pages"}],"about":[{"href":"https:\/\/www.apexecohouse.com\/home\/wp-json\/wp\/v2\/types\/page"}],"author":[{"embeddable":true,"href":"https:\/\/www.apexecohouse.com\/home\/wp-json\/wp\/v2\/users\/2"}],"replies":[{"embeddable":true,"href":"https:\/\/www.apexecohouse.com\/home\/wp-json\/wp\/v2\/comments?post=166"}],"version-history":[{"count":0,"href":"https:\/\/www.apexecohouse.com\/home\/wp-json\/wp\/v2\/pages\/166\/revisions"}],"wp:featuredmedia":[{"embeddable":true,"href":"https:\/\/www.apexecohouse.com\/home\/wp-json\/wp\/v2\/media\/178"}],"wp:attachment":[{"href":"https:\/\/www.apexecohouse.com\/home\/wp-json\/wp\/v2\/media?parent=166"}],"curies":[{"name":"wp","href":"https:\/\/api.w.org\/{rel}","templated":true}]}}