{"id":179,"date":"2024-01-03T23:31:38","date_gmt":"2024-01-03T23:31:38","guid":{"rendered":"https:\/\/apexecobuilding.com\/home\/?page_id=179"},"modified":"2024-01-03T23:31:38","modified_gmt":"2024-01-03T23:31:38","slug":"casas-manufacturadas","status":"publish","type":"page","link":"https:\/\/www.apexecohouse.com\/home\/casas-manufacturadas\/","title":{"rendered":"Casas Manufacturadas"},"content":{"rendered":"\n<div style=\"height:70px\" aria-hidden=\"true\" class=\"wp-block-spacer\"><\/div>\n\n\n\n<p class=\"has-large-font-size\"><strong>Casas Manufacturadas<\/strong><\/p>\n\n\n\n<div style=\"height:50px\" aria-hidden=\"true\" class=\"wp-block-spacer\"><\/div>\n\n\n\n<hr class=\"wp-block-separator has-alpha-channel-opacity is-style-wide\"\/>\n\n\n\n<div style=\"height:50px\" aria-hidden=\"true\" class=\"wp-block-spacer\"><\/div>\n\n\n\n<p>APEX ECO-BUILDING ofrecemos a todo el mundo las mejores casas manufacturadas en una variedad de estilos, planos de distribuci\u00f3n y rango de precios que satisfacen los diferentes estilos y necesidades de nuestros clientes.<\/p>\n\n\n\n<p>Ofrecemos casas totalmente terminadas y equipadas en un rango 25 a 300 metros cuadrados) que pueden incluir de 1 a 5 rec\u00e1maras, sala, comedor, cocina integral con electrodom\u00e9sticos, 2 o m\u00e1s ba\u00f1os completos y amueblados, cuarto familiar, despacho, alfombradas, paredes pintadas o texturizadas, pisos, encortinadas, ventanas con mosquiteros, rec\u00e1maras con closets, Cuarto de utiler\u00edas o lavander\u00eda, Calentador de Agua, Luminarias en el interior y exterior, conexiones en toda la casa, detectores de humo, Aire Acondicionado y Calefacci\u00f3n, Sistema de Ahorro de Energ\u00eda, Sistema El\u00e9ctrico o a gas, Sistema Hidr\u00e1ulico o como lo requiera nuestro clientes<\/p>\n\n\n\n<figure class=\"wp-block-image size-full\"><img loading=\"lazy\" decoding=\"async\" width=\"2560\" height=\"1503\" src=\"https:\/\/www.apexecohouse.com\/home\/wp-content\/uploads\/2024\/01\/gc269-viraje-up32-20-1560351591-scaled-1.jpg\" alt=\"\" class=\"wp-image-180\" srcset=\"https:\/\/www.apexecohouse.com\/home\/wp-content\/uploads\/2024\/01\/gc269-viraje-up32-20-1560351591-scaled-1.jpg 2560w, https:\/\/www.apexecohouse.com\/home\/wp-content\/uploads\/2024\/01\/gc269-viraje-up32-20-1560351591-scaled-1-300x176.jpg 300w, https:\/\/www.apexecohouse.com\/home\/wp-content\/uploads\/2024\/01\/gc269-viraje-up32-20-1560351591-scaled-1-1024x601.jpg 1024w, https:\/\/www.apexecohouse.com\/home\/wp-content\/uploads\/2024\/01\/gc269-viraje-up32-20-1560351591-scaled-1-768x451.jpg 768w, https:\/\/www.apexecohouse.com\/home\/wp-content\/uploads\/2024\/01\/gc269-viraje-up32-20-1560351591-scaled-1-1536x902.jpg 1536w, https:\/\/www.apexecohouse.com\/home\/wp-content\/uploads\/2024\/01\/gc269-viraje-up32-20-1560351591-scaled-1-2048x1202.jpg 2048w\" sizes=\"auto, (max-width: 2560px) 100vw, 2560px\" \/><\/figure>\n\n\n\n<p>\u00bfQu\u00e9 es una casa manufacturada o prefabricada?<\/p>\n\n\n\n<p>Una casa prefabricada es una casa que se construye en un lugar diferente al sitio final donde ser\u00e1 instalada. Esto se hace utilizando secciones o m\u00f3dulos que se fabrican en una f\u00e1brica y luego se env\u00edan al lugar donde se va a instalar la casa. Una vez all\u00ed, las secciones se colocan sobre una base preparada y se unen entre s\u00ed para formar la casa completa. Las casas prefabricadas suelen ser m\u00e1s r\u00e1pidas de construir y m\u00e1s econ\u00f3micas que las casas construidas completamente en el sitio, pero tambi\u00e9n pueden ser menos personalizables y pueden tener menos opciones de dise\u00f1o.<\/p>\n\n\n\n<p>10 ventajas de casas Manufacturada o prefabricadas<\/p>\n\n\n\n<p>R\u00e1pidas de construir: Las casas prefabricadas suelen tardar menos tiempo en construirse que las casas tradicionales, ya que mucho del trabajo se realiza en una f\u00e1brica y luego se env\u00eda al sitio de instalaci\u00f3n.<br>Econ\u00f3micas: Las casas prefabricadas suelen ser m\u00e1s econ\u00f3micas que las casas tradicionales, ya que mucho del trabajo se realiza en un entorno controlado y se pueden utilizar materiales y t\u00e9cnicas de construcci\u00f3n m\u00e1s eficientes.<br>Consistencia y calidad: Al realizarse en un entorno controlado, las casas prefabricadas tienden a tener una mayor consistencia y calidad en su construcci\u00f3n.<br>Personalizaci\u00f3n: Aunque las opciones de dise\u00f1o pueden ser m\u00e1s limitadas que en las casas tradicionales, todav\u00eda es posible personalizar muchas aspectos de una casa prefabricada.<br>Eficiencia energ\u00e9tica: Muchas casas prefabricadas est\u00e1n dise\u00f1adas para ser muy eficientes energ\u00e9ticamente, lo que puede resultar en ahorros en las facturas de energ\u00eda a largo plazo.<br>Sustentables: Las casas prefabricadas pueden ser m\u00e1s sustentables que las casas tradicionales, ya que se pueden construir con materiales m\u00e1s ecol\u00f3gicos y se pueden utilizar t\u00e9cnicas de construcci\u00f3n m\u00e1s sostenibles.<br>Menos desechos: Al realizarse en un entorno controlado, las casas prefabricadas tienden a generar menos desechos durante su construcci\u00f3n.<br>Menos impacto en el sitio: Al no requerir tanto trabajo en el sitio, las casas prefabricadas tienen un impacto menor en el entorno circundante durante la construcci\u00f3n.<br>Resistentes a los desastres naturales: Algunas casas prefabricadas est\u00e1n dise\u00f1adas para ser resistentes a los desastres naturales como terremotos, incendios forestales y huracanes.<br>F\u00e1ciles de instalar: Las casas prefabricadas son f\u00e1ciles de instalar ya que se env\u00edan al lugar de instalaci\u00f3n ya terminadas y luego se colocan sobre una base preparada.<\/p>\n\n\n\n<p>Contamos tambi\u00e9n con Park homes, casas de jard\u00edn, porches, cubiertas, Caba\u00f1as equipadas y altamente confortables para casa de \ufb01n de semana, vacaciones, campamentos, resorts, desarrollos tur\u00edsticos, temporadas de retiro, en el campo, playas, bosque, parques y comunidades recreativas.<\/p>\n\n\n\n<p>Tambi\u00e9n desarrollamos Estructuras Comerciales para una variedad de prop\u00f3sitos como o\ufb01cinas, showrooms, club houses, dormitorios, complejos de vivienda, cl\u00ednicas, aulas, salones de conferencias, laboratorios, casetas, almacenes, as\u00ed como la factibilidad de Manufacturar Estructuras Comerciales e industriales que requieran nuestros clientes<\/p>\n\n\n\n<p>Tenemos muchas opciones para darle ese toque elegante a su proyecto, podremos adecuarnos a sus posibilidades. \u00bfNo tiene tiempo de dise\u00f1ar?<\/p>\n\n\n\n<p>Eche un vistazo a nuestras opciones predeterminadas; seleccione el color que mejor se adapte a su espacio. Tenemos una amplia selecci\u00f3n de dise\u00f1os y colores disponibles para usted. Nuestro equipo le ayudar\u00e1 con la mejor opci\u00f3n para su proyecto. Comenzaremos a trabajar en su obra de inmediato.<\/p>\n\n\n\n<div style=\"height:100px\" aria-hidden=\"true\" class=\"wp-block-spacer\"><\/div>\n","protected":false},"excerpt":{"rendered":"<p>Ofrecemos a todo el mundo las mejores casas manufacturadas en una variedad de estilos, planos de distribuci\u00f3n y rango de precios.<\/p>\n","protected":false},"author":2,"featured_media":163,"parent":0,"menu_order":0,"comment_status":"closed","ping_status":"closed","template":"","meta":{"footnotes":""},"class_list":["post-179","page","type-page","status-publish","has-post-thumbnail","hentry"],"_links":{"self":[{"href":"https:\/\/www.apexecohouse.com\/home\/wp-json\/wp\/v2\/pages\/179","targetHints":{"allow":["GET"]}}],"collection":[{"href":"https:\/\/www.apexecohouse.com\/home\/wp-json\/wp\/v2\/pages"}],"about":[{"href":"https:\/\/www.apexecohouse.com\/home\/wp-json\/wp\/v2\/types\/page"}],"author":[{"embeddable":true,"href":"https:\/\/www.apexecohouse.com\/home\/wp-json\/wp\/v2\/users\/2"}],"replies":[{"embeddable":true,"href":"https:\/\/www.apexecohouse.com\/home\/wp-json\/wp\/v2\/comments?post=179"}],"version-history":[{"count":0,"href":"https:\/\/www.apexecohouse.com\/home\/wp-json\/wp\/v2\/pages\/179\/revisions"}],"wp:featuredmedia":[{"embeddable":true,"href":"https:\/\/www.apexecohouse.com\/home\/wp-json\/wp\/v2\/media\/163"}],"wp:attachment":[{"href":"https:\/\/www.apexecohouse.com\/home\/wp-json\/wp\/v2\/media?parent=179"}],"curies":[{"name":"wp","href":"https:\/\/api.w.org\/{rel}","templated":true}]}}