{"id":190,"date":"2024-01-03T23:53:02","date_gmt":"2024-01-03T23:53:02","guid":{"rendered":"https:\/\/apexecobuilding.com\/home\/?page_id=190"},"modified":"2024-01-03T23:53:02","modified_gmt":"2024-01-03T23:53:02","slug":"hoteles-y-complejos-recreativos","status":"publish","type":"page","link":"https:\/\/www.apexecohouse.com\/home\/hoteles-y-complejos-recreativos\/","title":{"rendered":"Hoteles y Complejos Recreativos"},"content":{"rendered":"\n<div style=\"height:70px\" aria-hidden=\"true\" class=\"wp-block-spacer\"><\/div>\n\n\n\n<p class=\"has-large-font-size\"><strong>Hoteles y Complejos Recreativos<\/strong><\/p>\n\n\n\n<div style=\"height:50px\" aria-hidden=\"true\" class=\"wp-block-spacer\"><\/div>\n\n\n\n<hr class=\"wp-block-separator has-alpha-channel-opacity is-style-wide\"\/>\n\n\n\n<div style=\"height:50px\" aria-hidden=\"true\" class=\"wp-block-spacer\"><\/div>\n\n\n\n<p>La creaci\u00f3n de complejos tur\u00edsticos con un c\u00e1lido hotel y caba\u00f1as ubicadas en los principales sitios tur\u00edsticos que se ofrezca al extranjero y turismo nacional. La iniciativa se enfoca en entregar descanso y tranquilidad al turismos, entreg\u00e1ndoles la posibilidad de estar en contacto con la naturaleza.<\/p>\n\n\n\n<figure class=\"wp-block-image size-full\"><img loading=\"lazy\" decoding=\"async\" width=\"1800\" height=\"1198\" src=\"https:\/\/www.apexecohouse.com\/home\/wp-content\/uploads\/2024\/01\/Screen-Shot-2021-05-03-at-4.01.22-PM.png\" alt=\"\" class=\"wp-image-197\" srcset=\"https:\/\/www.apexecohouse.com\/home\/wp-content\/uploads\/2024\/01\/Screen-Shot-2021-05-03-at-4.01.22-PM.png 1800w, https:\/\/www.apexecohouse.com\/home\/wp-content\/uploads\/2024\/01\/Screen-Shot-2021-05-03-at-4.01.22-PM-300x200.png 300w, https:\/\/www.apexecohouse.com\/home\/wp-content\/uploads\/2024\/01\/Screen-Shot-2021-05-03-at-4.01.22-PM-1024x682.png 1024w, https:\/\/www.apexecohouse.com\/home\/wp-content\/uploads\/2024\/01\/Screen-Shot-2021-05-03-at-4.01.22-PM-768x511.png 768w, https:\/\/www.apexecohouse.com\/home\/wp-content\/uploads\/2024\/01\/Screen-Shot-2021-05-03-at-4.01.22-PM-1536x1022.png 1536w\" sizes=\"auto, (max-width: 1800px) 100vw, 1800px\" \/><\/figure>\n\n\n\n<p>Las playas de Mexico, es el lugar perfecto para practicar deportes n\u00e1uticos. La ausencia de oleaje y el viento de la zona son las razones para esto. Actualmente, Mexico es reconocido como uno de los mejores sitios en el mundo para practicar deportes como windsurf, kitesurf y muchos otros.<\/p>\n\n\n\n<p>Un hotel boutique es un tipo de hotel que se caracteriza por su tama\u00f1o \u00edntimo y su dise\u00f1o y decoraci\u00f3n \u00fanicos. A menudo, los hoteles boutique tienen menos de 100 habitaciones y son propiedad de una empresa o propietario individual en lugar de una cadena hotelera.<\/p>\n\n\n\n<p>Algunas de las caracter\u00edsticas comunes de los hoteles boutique incluyen un dise\u00f1o y decoraci\u00f3n atractivos y \u00fanicos, servicio al cliente personalizado, y una oferta de servicios y comodidades limitadas en comparaci\u00f3n con los hoteles de cadena tradicionales. A menudo, los hoteles boutique se enfocan en ofrecer experiencias \u00fanicas e aut\u00e9nticas a sus hu\u00e9spedes y suelen estar ubicados en lugares especiales, como en el centro de la ciudad, en un edificio hist\u00f3rico o con vistas impresionantes.<\/p>\n\n\n\n<p>En resumen, un hotel boutique se define por su ambiente acogedor, su dise\u00f1o \u00fanico, su servicio personalizado, y su experiencia de alojamiento \u00fanica, que busca atraer a viajeros que buscan algo diferente a lo que ofrecen los hoteles de cadena tradicionales.<\/p>\n\n\n\n<p>Hay varias ventajas en construir un hotel en M\u00e9xico:<\/p>\n\n\n\n<p>Ubicaci\u00f3n estrat\u00e9gica: M\u00e9xico es un pa\u00eds con una gran cantidad de turistas, ya sea por su gran variedad cultural, lugares hist\u00f3ricos y tur\u00edsticos, playas y clima c\u00e1lido, y eso hace una excelente ubicaci\u00f3n para construir un hotel.<\/p>\n\n\n\n<p>Mercado potencial: M\u00e9xico es uno de los principales destinos tur\u00edsticos en Am\u00e9rica Latina y tiene un gran potencial de mercado para los turistas nacionales e internacionales.<\/p>\n\n\n\n<p>Disponibilidad de mano de obra: M\u00e9xico cuenta con un gran n\u00famero de trabajadores calificados en el campo de la construcci\u00f3n, lo que permite una construcci\u00f3n eficiente y econ\u00f3mica.<\/p>\n\n\n\n<p>Costos de construcci\u00f3n: Los costos de construcci\u00f3n en M\u00e9xico son comparativamente m\u00e1s bajos que en otros pa\u00edses, lo que permite una mayor rentabilidad para el inversionista.<\/p>\n\n\n\n<p>Facilidades para inversores: M\u00e9xico ofrece programas y facilitaciones para atraer a inversores extranjeros, tales como la creaci\u00f3n de zonas libres de impuestos y la simplificaci\u00f3n de los procesos administrativos.<\/p>\n\n\n\n<p>Riqueza Cultural: Mexico cuenta con un gran patrimonio cultural, con un gran n\u00famero de ruinas arqueol\u00f3gicas, ciudades coloniales y sitios hist\u00f3ricos, todo esto atraer\u00e1 a turistas interesados en conocer estas riquezas.<\/p>\n\n\n\n<p>oferta turistica: M\u00e9xico cuenta con una gran variedad de experiencias tur\u00edsticas, desde playas, ruinas mayas, ciudades coloniales, vida nocturna, comida y cultura, lo que atraer\u00e1 a un gran n\u00famero de visitantes.<\/p>\n\n\n\n<p>Sin embargo, es importante tener en cuenta que construir un hotel en cualquier lugar conlleva su conjunto de desaf\u00edos y riesgos, y es importante considerar todos los factores antes de tomar una decisi\u00f3n.<\/p>\n\n\n\n<p>Los hoteles boutique ofrecen varias ventajas en comparaci\u00f3n con los hoteles de cadena tradicionales. Algunas de las principales ventajas son las siguientes:<\/p>\n\n\n\n<p>Dise\u00f1o \u00fanico: Los hoteles boutique suelen tener un dise\u00f1o y decoraci\u00f3n \u00fanicos que los diferencian de los hoteles de cadena tradicionales. Esto puede atraer a los viajeros que buscan una experiencia de alojamiento m\u00e1s aut\u00e9ntica y emocionante.<\/p>\n\n\n\n<p>Servicio personalizado: Los hoteles boutique suelen tener un personal menos numeroso, lo que permite un servicio m\u00e1s personalizado y cercano con los hu\u00e9spedes.<\/p>\n\n\n\n<p>Tama\u00f1o \u00edntimo: Los hoteles boutique suelen tener menos habitaciones, lo que crea un ambiente m\u00e1s \u00edntimo y acogedor.<\/p>\n\n\n\n<p>Experiencias aut\u00e9nticas: Muchos hoteles boutique se esfuerzan por ofrecer experiencias aut\u00e9nticas y locales a sus hu\u00e9spedes, lo que puede hacer que la estancia sea m\u00e1s interesante y memorable.<\/p>\n\n\n\n<p>Ubicaci\u00f3n: A menudo los hoteles boutique suelen estar en ubicaciones m\u00e1s atractivas que los hoteles de cadena tradicionales, como en el centro de la ciudad o en una zona con vistas espectaculares.<\/p>\n\n\n\n<p>Precios: los hoteles Boutique suelen tener precios m\u00e1s accesibles que los hoteles de lujo tradicionales, permitiendo as\u00ed una mayor capacidad de elecci\u00f3n a los clientes y la posibilidad de alojarse en lugares exclusivos a precios m\u00e1s bajos.<\/p>\n\n\n\n<p>Contamos con Park homes, Caba\u00f1as equipadas altamente confortables para casa de fin de semana, campamentos, resorts, desarrollos tur\u00edsticos, temporadas de retiro, en el campo, playas, bosque, parques y comunidades recreativas y terrenos propios.<br>Tambi\u00e9n desarrollamos Estructuras Comerciales para una variedad de prop\u00f3sitos como oficinas, showrooms, club houses, dormitorios, complejos de vivienda, cl\u00ednicas, aulas, salones de conferencias, laboratorios, casetas, almacenes, as\u00ed como la factibilidad de Manufacturar Estructuras Comerciales e industriales que requieran nuestros clientes<\/p>\n\n\n\n<p>Componentes del proyecto<br>Caba\u00f1as en Tierra<br>Hotel<br>Spa y Gimnasio<br>Zonas recreativas<br>Caba\u00f1as en Agua<br>Varadero con Marina Seca<br>Puerto<br>Hoteles y Complejo Recreativos<\/p>\n\n\n\n<div style=\"height:100px\" aria-hidden=\"true\" class=\"wp-block-spacer\"><\/div>\n","protected":false},"excerpt":{"rendered":"<p>La creaci\u00f3n de complejos tur\u00edsticos con un c\u00e1lido hotel y caba\u00f1as ubicadas en los principales sitios tur\u00edsticos.<\/p>\n","protected":false},"author":2,"featured_media":191,"parent":0,"menu_order":0,"comment_status":"closed","ping_status":"closed","template":"","meta":{"footnotes":""},"class_list":["post-190","page","type-page","status-publish","has-post-thumbnail","hentry"],"_links":{"self":[{"href":"https:\/\/www.apexecohouse.com\/home\/wp-json\/wp\/v2\/pages\/190","targetHints":{"allow":["GET"]}}],"collection":[{"href":"https:\/\/www.apexecohouse.com\/home\/wp-json\/wp\/v2\/pages"}],"about":[{"href":"https:\/\/www.apexecohouse.com\/home\/wp-json\/wp\/v2\/types\/page"}],"author":[{"embeddable":true,"href":"https:\/\/www.apexecohouse.com\/home\/wp-json\/wp\/v2\/users\/2"}],"replies":[{"embeddable":true,"href":"https:\/\/www.apexecohouse.com\/home\/wp-json\/wp\/v2\/comments?post=190"}],"version-history":[{"count":0,"href":"https:\/\/www.apexecohouse.com\/home\/wp-json\/wp\/v2\/pages\/190\/revisions"}],"wp:featuredmedia":[{"embeddable":true,"href":"https:\/\/www.apexecohouse.com\/home\/wp-json\/wp\/v2\/media\/191"}],"wp:attachment":[{"href":"https:\/\/www.apexecohouse.com\/home\/wp-json\/wp\/v2\/media?parent=190"}],"curies":[{"name":"wp","href":"https:\/\/api.w.org\/{rel}","templated":true}]}}