{"id":202,"date":"2024-01-04T00:24:27","date_gmt":"2024-01-04T00:24:27","guid":{"rendered":"https:\/\/apexecobuilding.com\/home\/?page_id=202"},"modified":"2024-01-04T00:24:27","modified_gmt":"2024-01-04T00:24:27","slug":"productos","status":"publish","type":"page","link":"https:\/\/www.apexecohouse.com\/home\/productos\/","title":{"rendered":"Productos"},"content":{"rendered":"\n<div style=\"height:70px\" aria-hidden=\"true\" class=\"wp-block-spacer\"><\/div>\n\n\n\n<p class=\"has-large-font-size\"><strong>Productos<\/strong><\/p>\n\n\n\n<div style=\"height:60px\" aria-hidden=\"true\" class=\"wp-block-spacer\"><\/div>\n\n\n\n<hr class=\"wp-block-separator has-alpha-channel-opacity is-style-wide\"\/>\n\n\n\n<div style=\"height:50px\" aria-hidden=\"true\" class=\"wp-block-spacer\"><\/div>\n\n\n\n<div class=\"wp-block-media-text is-stacked-on-mobile has-light-green-cyan-background-color has-background\"><figure class=\"wp-block-media-text__media\"><img loading=\"lazy\" decoding=\"async\" width=\"1024\" height=\"683\" src=\"https:\/\/www.apexecohouse.com\/home\/wp-content\/uploads\/2024\/01\/haus-me-1-1024x683.jpg\" alt=\"\" class=\"wp-image-167 size-full\" srcset=\"https:\/\/www.apexecohouse.com\/home\/wp-content\/uploads\/2024\/01\/haus-me-1-1024x683.jpg 1024w, https:\/\/www.apexecohouse.com\/home\/wp-content\/uploads\/2024\/01\/haus-me-1-300x200.jpg 300w, https:\/\/www.apexecohouse.com\/home\/wp-content\/uploads\/2024\/01\/haus-me-1-768x512.jpg 768w, https:\/\/www.apexecohouse.com\/home\/wp-content\/uploads\/2024\/01\/haus-me-1-1536x1024.jpg 1536w, https:\/\/www.apexecohouse.com\/home\/wp-content\/uploads\/2024\/01\/haus-me-1.jpg 1920w\" sizes=\"auto, (max-width: 1024px) 100vw, 1024px\" \/><\/figure><div class=\"wp-block-media-text__content\">\n<p class=\"has-text-align-center has-medium-font-size\"><strong>CASAS MOVILES<\/strong><\/p>\n\n\n\n<hr class=\"wp-block-separator has-alpha-channel-opacity is-style-wide\"\/>\n\n\n\n<div style=\"height:20px\" aria-hidden=\"true\" class=\"wp-block-spacer\"><\/div>\n\n\n\n<p class=\"has-text-align-center\">Nunca antes fue tan f\u00e1cil crear dise\u00f1os personalizados. Somos especialistas en construir productos de alta calidad para diferentes cuestiones. D\u00edganos que es lo que necesita y nosotros haremos lo posible para realizarlo. no olvide pasar a ver nuestros dise\u00f1os.<br><\/p>\n\n\n\n<div class=\"wp-block-buttons has-custom-font-size has-small-font-size is-vertical is-content-justification-center is-layout-flex wp-container-core-buttons-is-layout-4649e89c wp-block-buttons-is-layout-flex\" id=\"https:\/\/apexecobuilding.com\/home\/casas-moviles\/\">\n<div class=\"wp-block-button has-custom-width wp-block-button__width-50\"><a class=\"wp-block-button__link wp-element-button\" href=\"https:\/\/apexecobuilding.com\/home\/casas-moviles\/\">Ver M\u00e1s<\/a><\/div>\n<\/div>\n<\/div><\/div>\n\n\n\n<div style=\"height:50px\" aria-hidden=\"true\" class=\"wp-block-spacer\"><\/div>\n\n\n\n<div class=\"wp-block-media-text has-media-on-the-right is-stacked-on-mobile has-light-green-cyan-background-color has-background\"><div class=\"wp-block-media-text__content\">\n<p class=\"has-text-align-center has-medium-font-size\"><strong>CASAS MANUFACTURADAS<\/strong><\/p>\n\n\n\n<hr class=\"wp-block-separator has-alpha-channel-opacity is-style-wide\"\/>\n\n\n\n<div style=\"height:20px\" aria-hidden=\"true\" class=\"wp-block-spacer\"><\/div>\n\n\n\n<p class=\"has-text-align-center\">Contamos con muchas opciones para darle ese toque elegante a su proyecto,\u00a0\u00a0podremos adecuarnos a sus posibilidades. \u00bfNo tiene tiempo de dise\u00f1ar? Eche un vistazo a nuestras opciones predeterminadas.<\/p>\n\n\n\n<div class=\"wp-block-buttons is-content-justification-center is-layout-flex wp-container-core-buttons-is-layout-16018d1d wp-block-buttons-is-layout-flex\">\n<div class=\"wp-block-button has-custom-width wp-block-button__width-50 has-custom-font-size has-small-font-size\"><a class=\"wp-block-button__link wp-element-button\" href=\"https:\/\/apexecobuilding.com\/home\/casas-manufacturadas\/\">Ver m\u00e1s<\/a><\/div>\n<\/div>\n<\/div><figure class=\"wp-block-media-text__media\"><img decoding=\"async\" src=\"https:\/\/apexecobuilding.com\/home\/wp-content\/uploads\/2024\/01\/gc269-viraje-up32-20-1560351591-1024x601.jpg\" alt=\"\" class=\"wp-image-180 size-full\"\/><\/figure><\/div>\n\n\n\n<div style=\"height:50px\" aria-hidden=\"true\" class=\"wp-block-spacer\"><\/div>\n\n\n\n<div class=\"wp-block-media-text is-stacked-on-mobile has-light-green-cyan-background-color has-background\"><figure class=\"wp-block-media-text__media\"><img loading=\"lazy\" decoding=\"async\" width=\"1024\" height=\"683\" src=\"https:\/\/www.apexecohouse.com\/home\/wp-content\/uploads\/2024\/01\/background1-1024x683.jpg\" alt=\"\" class=\"wp-image-211 size-full\" srcset=\"https:\/\/www.apexecohouse.com\/home\/wp-content\/uploads\/2024\/01\/background1-1024x683.jpg 1024w, https:\/\/www.apexecohouse.com\/home\/wp-content\/uploads\/2024\/01\/background1-300x200.jpg 300w, https:\/\/www.apexecohouse.com\/home\/wp-content\/uploads\/2024\/01\/background1-768x513.jpg 768w, https:\/\/www.apexecohouse.com\/home\/wp-content\/uploads\/2024\/01\/background1-1536x1025.jpg 1536w, https:\/\/www.apexecohouse.com\/home\/wp-content\/uploads\/2024\/01\/background1.jpg 1900w\" sizes=\"auto, (max-width: 1024px) 100vw, 1024px\" \/><\/figure><div class=\"wp-block-media-text__content\">\n<p class=\"has-text-align-center has-medium-font-size\"><strong>CASAS RESIDENCIALES<\/strong><\/p>\n\n\n\n<hr class=\"wp-block-separator has-alpha-channel-opacity is-style-wide\"\/>\n\n\n\n<div style=\"height:20px\" aria-hidden=\"true\" class=\"wp-block-spacer\"><\/div>\n\n\n\n<p class=\"has-text-align-center\">Nunca antes fue tan f\u00e1cil crear dise\u00f1os personalizados. Somos especialistas en construir productos de alta calidad para diferentes cuestiones. D\u00edganos que es lo que necesita y nosotros haremos lo posible para realizarlo. no olvide pasar a ver nuestros dise\u00f1os.<\/p>\n\n\n\n<div class=\"wp-block-buttons is-content-justification-center is-layout-flex wp-container-core-buttons-is-layout-16018d1d wp-block-buttons-is-layout-flex\">\n<div class=\"wp-block-button has-custom-width wp-block-button__width-50 has-custom-font-size has-small-font-size\"><a class=\"wp-block-button__link wp-element-button\" href=\"https:\/\/apexecobuilding.com\/home\/casas-residenciales\/\">Ver m\u00e1s<\/a><\/div>\n<\/div>\n<\/div><\/div>\n\n\n\n<div style=\"height:60px\" aria-hidden=\"true\" class=\"wp-block-spacer\"><\/div>\n\n\n\n<div class=\"wp-block-media-text has-media-on-the-right is-stacked-on-mobile has-light-green-cyan-background-color has-background\"><div class=\"wp-block-media-text__content\">\n<p class=\"has-text-align-center has-medium-font-size\"><strong>HOTELES Y COMPLEJOS RECREATIVOS<\/strong><\/p>\n\n\n\n<hr class=\"wp-block-separator has-alpha-channel-opacity is-style-wide\"\/>\n\n\n\n<div style=\"height:20px\" aria-hidden=\"true\" class=\"wp-block-spacer\"><\/div>\n\n\n\n<p class=\"has-text-align-center\">Contamos con Park homes, Caba\u00f1as equipadas altamente confortables para casa de fin de semana, campamentos, resorts, desarrollos tur\u00edsticos, temporadas de retiro, en el campo, playas, bosque, parques y comunidades recreativas y terrenos propios.<br><\/p>\n\n\n\n<div class=\"wp-block-buttons alignwide is-content-justification-center is-layout-flex wp-container-core-buttons-is-layout-16018d1d wp-block-buttons-is-layout-flex\">\n<div class=\"wp-block-button has-custom-width wp-block-button__width-50 has-custom-font-size has-small-font-size\"><a class=\"wp-block-button__link wp-element-button\" href=\"https:\/\/apexecobuilding.com\/home\/hoteles-y-complejos-recreativos\/\">Ver m\u00e1s<\/a><\/div>\n<\/div>\n<\/div><figure class=\"wp-block-media-text__media\"><img loading=\"lazy\" decoding=\"async\" width=\"1024\" height=\"682\" src=\"https:\/\/www.apexecohouse.com\/home\/wp-content\/uploads\/2024\/01\/Screen-Shot-2021-05-03-at-4.01.22-PM-1024x682.png\" alt=\"\" class=\"wp-image-197 size-full\" srcset=\"https:\/\/www.apexecohouse.com\/home\/wp-content\/uploads\/2024\/01\/Screen-Shot-2021-05-03-at-4.01.22-PM-1024x682.png 1024w, https:\/\/www.apexecohouse.com\/home\/wp-content\/uploads\/2024\/01\/Screen-Shot-2021-05-03-at-4.01.22-PM-300x200.png 300w, https:\/\/www.apexecohouse.com\/home\/wp-content\/uploads\/2024\/01\/Screen-Shot-2021-05-03-at-4.01.22-PM-768x511.png 768w, https:\/\/www.apexecohouse.com\/home\/wp-content\/uploads\/2024\/01\/Screen-Shot-2021-05-03-at-4.01.22-PM-1536x1022.png 1536w, https:\/\/www.apexecohouse.com\/home\/wp-content\/uploads\/2024\/01\/Screen-Shot-2021-05-03-at-4.01.22-PM.png 1800w\" sizes=\"auto, (max-width: 1024px) 100vw, 1024px\" \/><\/figure><\/div>\n\n\n\n<div style=\"height:100px\" aria-hidden=\"true\" class=\"wp-block-spacer\"><\/div>\n","protected":false},"excerpt":{"rendered":"<p>Productos<\/p>\n","protected":false},"author":2,"featured_media":0,"parent":0,"menu_order":0,"comment_status":"closed","ping_status":"closed","template":"","meta":{"footnotes":""},"class_list":["post-202","page","type-page","status-publish","hentry"],"_links":{"self":[{"href":"https:\/\/www.apexecohouse.com\/home\/wp-json\/wp\/v2\/pages\/202","targetHints":{"allow":["GET"]}}],"collection":[{"href":"https:\/\/www.apexecohouse.com\/home\/wp-json\/wp\/v2\/pages"}],"about":[{"href":"https:\/\/www.apexecohouse.com\/home\/wp-json\/wp\/v2\/types\/page"}],"author":[{"embeddable":true,"href":"https:\/\/www.apexecohouse.com\/home\/wp-json\/wp\/v2\/users\/2"}],"replies":[{"embeddable":true,"href":"https:\/\/www.apexecohouse.com\/home\/wp-json\/wp\/v2\/comments?post=202"}],"version-history":[{"count":0,"href":"https:\/\/www.apexecohouse.com\/home\/wp-json\/wp\/v2\/pages\/202\/revisions"}],"wp:attachment":[{"href":"https:\/\/www.apexecohouse.com\/home\/wp-json\/wp\/v2\/media?parent=202"}],"curies":[{"name":"wp","href":"https:\/\/api.w.org\/{rel}","templated":true}]}}