{"id":237,"date":"2025-02-06T17:36:27","date_gmt":"2025-02-06T17:36:27","guid":{"rendered":"https:\/\/apexecobuilding.com\/home\/?page_id=237"},"modified":"2025-02-06T17:36:27","modified_gmt":"2025-02-06T17:36:27","slug":"cabana-rectangular","status":"publish","type":"page","link":"https:\/\/www.apexecohouse.com\/home\/cabana-rectangular\/","title":{"rendered":"Caba\u00f1a Rectangular"},"content":{"rendered":"\n<div style=\"height:70px\" aria-hidden=\"true\" class=\"wp-block-spacer\"><\/div>\n\n\n\n<p class=\"has-large-font-size\"><strong>Caba\u00f1a Rectangular<\/strong><\/p>\n\n\n\n<div style=\"height:60px\" aria-hidden=\"true\" class=\"wp-block-spacer\"><\/div>\n\n\n\n<hr class=\"wp-block-separator has-alpha-channel-opacity is-style-wide\"\/>\n\n\n\n<div style=\"height:50px\" aria-hidden=\"true\" class=\"wp-block-spacer\"><\/div>\n\n\n\n<p class=\"has-medium-font-size\">Especificaciones:<\/p>\n\n\n\n<div style=\"height:20px\" aria-hidden=\"true\" class=\"wp-block-spacer\"><\/div>\n\n\n\n<div class=\"wp-block-columns is-layout-flex wp-container-core-columns-is-layout-9d6595d7 wp-block-columns-is-layout-flex\">\n<div class=\"wp-block-column is-layout-flow wp-block-column-is-layout-flow\">\n<p>\u00c1REAS<br>&#8211; N\u00famero de Recamaras: <br>&#8211; N\u00famero de ba\u00f1os:<br>&#8211; Sala\/Comedor:<br>&#8211; Cocina:<br>&#8211; Terraza:<\/p>\n<\/div>\n\n\n\n<div class=\"wp-block-column is-layout-flow wp-block-column-is-layout-flow\">\n<p>CONSTRUCCI\u00d3N<br>&#8211; Total de m2:<br>&#8211; Planta baja:<br>&#8211; Planta alta:<br>&#8211; Terraza:<\/p>\n<\/div>\n<\/div>\n\n\n\n<div style=\"height:50px\" aria-hidden=\"true\" class=\"wp-block-spacer\"><\/div>\n\n\n\n<figure class=\"wp-block-gallery has-nested-images columns-default is-cropped wp-block-gallery-1 is-layout-flex wp-block-gallery-is-layout-flex\">\n<figure class=\"wp-block-image size-large\"><img loading=\"lazy\" decoding=\"async\" width=\"1024\" height=\"559\" data-id=\"239\" src=\"https:\/\/www.apexecohouse.com\/home\/wp-content\/uploads\/2025\/02\/image_fx_-2025-01-08T132648.663-1-1024x559.png\" alt=\"\" class=\"wp-image-239\" srcset=\"https:\/\/www.apexecohouse.com\/home\/wp-content\/uploads\/2025\/02\/image_fx_-2025-01-08T132648.663-1-1024x559.png 1024w, https:\/\/www.apexecohouse.com\/home\/wp-content\/uploads\/2025\/02\/image_fx_-2025-01-08T132648.663-1-300x164.png 300w, https:\/\/www.apexecohouse.com\/home\/wp-content\/uploads\/2025\/02\/image_fx_-2025-01-08T132648.663-1-768x419.png 768w, https:\/\/www.apexecohouse.com\/home\/wp-content\/uploads\/2025\/02\/image_fx_-2025-01-08T132648.663-1.png 1408w\" sizes=\"auto, (max-width: 1024px) 100vw, 1024px\" \/><\/figure>\n\n\n\n<figure class=\"wp-block-image size-large\"><img loading=\"lazy\" decoding=\"async\" width=\"1024\" height=\"559\" data-id=\"240\" src=\"https:\/\/www.apexecohouse.com\/home\/wp-content\/uploads\/2025\/02\/image_fx_-2025-01-08T140309.360-1024x559.png\" alt=\"\" class=\"wp-image-240\" srcset=\"https:\/\/www.apexecohouse.com\/home\/wp-content\/uploads\/2025\/02\/image_fx_-2025-01-08T140309.360-1024x559.png 1024w, https:\/\/www.apexecohouse.com\/home\/wp-content\/uploads\/2025\/02\/image_fx_-2025-01-08T140309.360-300x164.png 300w, https:\/\/www.apexecohouse.com\/home\/wp-content\/uploads\/2025\/02\/image_fx_-2025-01-08T140309.360-768x419.png 768w, https:\/\/www.apexecohouse.com\/home\/wp-content\/uploads\/2025\/02\/image_fx_-2025-01-08T140309.360.png 1408w\" sizes=\"auto, (max-width: 1024px) 100vw, 1024px\" \/><\/figure>\n\n\n\n<figure class=\"wp-block-image size-large\"><img loading=\"lazy\" decoding=\"async\" width=\"1024\" height=\"559\" data-id=\"241\" src=\"https:\/\/www.apexecohouse.com\/home\/wp-content\/uploads\/2025\/02\/image_fx_-2025-01-08T132614.945-1024x559.png\" alt=\"\" class=\"wp-image-241\" srcset=\"https:\/\/www.apexecohouse.com\/home\/wp-content\/uploads\/2025\/02\/image_fx_-2025-01-08T132614.945-1024x559.png 1024w, https:\/\/www.apexecohouse.com\/home\/wp-content\/uploads\/2025\/02\/image_fx_-2025-01-08T132614.945-300x164.png 300w, https:\/\/www.apexecohouse.com\/home\/wp-content\/uploads\/2025\/02\/image_fx_-2025-01-08T132614.945-768x419.png 768w, https:\/\/www.apexecohouse.com\/home\/wp-content\/uploads\/2025\/02\/image_fx_-2025-01-08T132614.945.png 1408w\" sizes=\"auto, (max-width: 1024px) 100vw, 1024px\" \/><\/figure>\n\n\n\n<figure class=\"wp-block-image size-large\"><img loading=\"lazy\" decoding=\"async\" width=\"1024\" height=\"559\" data-id=\"242\" src=\"https:\/\/www.apexecohouse.com\/home\/wp-content\/uploads\/2025\/02\/image_fx_-2025-01-08T132650.824-1024x559.png\" alt=\"\" class=\"wp-image-242\" srcset=\"https:\/\/www.apexecohouse.com\/home\/wp-content\/uploads\/2025\/02\/image_fx_-2025-01-08T132650.824-1024x559.png 1024w, https:\/\/www.apexecohouse.com\/home\/wp-content\/uploads\/2025\/02\/image_fx_-2025-01-08T132650.824-300x164.png 300w, https:\/\/www.apexecohouse.com\/home\/wp-content\/uploads\/2025\/02\/image_fx_-2025-01-08T132650.824-768x419.png 768w, https:\/\/www.apexecohouse.com\/home\/wp-content\/uploads\/2025\/02\/image_fx_-2025-01-08T132650.824.png 1408w\" sizes=\"auto, (max-width: 1024px) 100vw, 1024px\" \/><\/figure>\n\n\n\n<figure class=\"wp-block-image size-large\"><img loading=\"lazy\" decoding=\"async\" width=\"1024\" height=\"559\" data-id=\"243\" src=\"https:\/\/www.apexecohouse.com\/home\/wp-content\/uploads\/2025\/02\/image_fx_-2025-01-08T132858.283-1024x559.png\" alt=\"\" class=\"wp-image-243\" srcset=\"https:\/\/www.apexecohouse.com\/home\/wp-content\/uploads\/2025\/02\/image_fx_-2025-01-08T132858.283-1024x559.png 1024w, https:\/\/www.apexecohouse.com\/home\/wp-content\/uploads\/2025\/02\/image_fx_-2025-01-08T132858.283-300x164.png 300w, https:\/\/www.apexecohouse.com\/home\/wp-content\/uploads\/2025\/02\/image_fx_-2025-01-08T132858.283-768x419.png 768w, https:\/\/www.apexecohouse.com\/home\/wp-content\/uploads\/2025\/02\/image_fx_-2025-01-08T132858.283.png 1408w\" sizes=\"auto, (max-width: 1024px) 100vw, 1024px\" \/><\/figure>\n\n\n\n<figure class=\"wp-block-image size-large\"><img loading=\"lazy\" decoding=\"async\" width=\"1024\" height=\"559\" data-id=\"244\" src=\"https:\/\/www.apexecohouse.com\/home\/wp-content\/uploads\/2025\/02\/image_fx_-2025-01-08T133326.035-1024x559.png\" alt=\"\" class=\"wp-image-244\" srcset=\"https:\/\/www.apexecohouse.com\/home\/wp-content\/uploads\/2025\/02\/image_fx_-2025-01-08T133326.035-1024x559.png 1024w, https:\/\/www.apexecohouse.com\/home\/wp-content\/uploads\/2025\/02\/image_fx_-2025-01-08T133326.035-300x164.png 300w, https:\/\/www.apexecohouse.com\/home\/wp-content\/uploads\/2025\/02\/image_fx_-2025-01-08T133326.035-768x419.png 768w, https:\/\/www.apexecohouse.com\/home\/wp-content\/uploads\/2025\/02\/image_fx_-2025-01-08T133326.035.png 1408w\" sizes=\"auto, (max-width: 1024px) 100vw, 1024px\" \/><\/figure>\n<\/figure>\n\n\n\n<div style=\"height:100px\" aria-hidden=\"true\" class=\"wp-block-spacer\"><\/div>\n","protected":false},"excerpt":{"rendered":"<p>Dise\u00f1o Rectangular.<\/p>\n","protected":false},"author":2,"featured_media":240,"parent":0,"menu_order":0,"comment_status":"closed","ping_status":"closed","template":"","meta":{"footnotes":""},"class_list":["post-237","page","type-page","status-publish","has-post-thumbnail","hentry"],"_links":{"self":[{"href":"https:\/\/www.apexecohouse.com\/home\/wp-json\/wp\/v2\/pages\/237","targetHints":{"allow":["GET"]}}],"collection":[{"href":"https:\/\/www.apexecohouse.com\/home\/wp-json\/wp\/v2\/pages"}],"about":[{"href":"https:\/\/www.apexecohouse.com\/home\/wp-json\/wp\/v2\/types\/page"}],"author":[{"embeddable":true,"href":"https:\/\/www.apexecohouse.com\/home\/wp-json\/wp\/v2\/users\/2"}],"replies":[{"embeddable":true,"href":"https:\/\/www.apexecohouse.com\/home\/wp-json\/wp\/v2\/comments?post=237"}],"version-history":[{"count":0,"href":"https:\/\/www.apexecohouse.com\/home\/wp-json\/wp\/v2\/pages\/237\/revisions"}],"wp:featuredmedia":[{"embeddable":true,"href":"https:\/\/www.apexecohouse.com\/home\/wp-json\/wp\/v2\/media\/240"}],"wp:attachment":[{"href":"https:\/\/www.apexecohouse.com\/home\/wp-json\/wp\/v2\/media?parent=237"}],"curies":[{"name":"wp","href":"https:\/\/api.w.org\/{rel}","templated":true}]}}