{"id":24,"date":"2023-10-24T21:53:30","date_gmt":"2023-10-24T21:53:30","guid":{"rendered":"https:\/\/apexecobuilding.com\/home\/?page_id=24"},"modified":"2023-10-24T21:53:30","modified_gmt":"2023-10-24T21:53:30","slug":"nosotros","status":"publish","type":"page","link":"https:\/\/www.apexecohouse.com\/home\/nosotros\/","title":{"rendered":"Nosotros"},"content":{"rendered":"\n<div style=\"height:70px\" aria-hidden=\"true\" class=\"wp-block-spacer\"><\/div>\n\n\n\n<p class=\"has-large-font-size\"><strong>Nosotros.<\/strong><\/p>\n\n\n\n<div style=\"height:50px\" aria-hidden=\"true\" class=\"wp-block-spacer\"><\/div>\n\n\n\n<hr class=\"wp-block-separator has-alpha-channel-opacity is-style-wide\"\/>\n\n\n\n<div style=\"height:50px\" aria-hidden=\"true\" class=\"wp-block-spacer\"><\/div>\n\n\n\n<div class=\"wp-block-media-text is-stacked-on-mobile is-vertically-aligned-center has-background\" style=\"background-color:#4a89724f\"><figure class=\"wp-block-media-text__media\"><img loading=\"lazy\" decoding=\"async\" width=\"640\" height=\"640\" src=\"https:\/\/www.apexecohouse.com\/home\/wp-content\/uploads\/2023\/11\/FondosPag-Apex1.jpg\" alt=\"\" class=\"wp-image-37 size-full\" srcset=\"https:\/\/www.apexecohouse.com\/home\/wp-content\/uploads\/2023\/11\/FondosPag-Apex1.jpg 640w, https:\/\/www.apexecohouse.com\/home\/wp-content\/uploads\/2023\/11\/FondosPag-Apex1-300x300.jpg 300w, https:\/\/www.apexecohouse.com\/home\/wp-content\/uploads\/2023\/11\/FondosPag-Apex1-150x150.jpg 150w\" sizes=\"auto, (max-width: 640px) 100vw, 640px\" \/><\/figure><div class=\"wp-block-media-text__content\">\n<div style=\"height:20px\" aria-hidden=\"true\" class=\"wp-block-spacer\"><\/div>\n\n\n\n<p class=\"has-text-align-center has-medium-font-size\"><strong>QUIENES SOMOS<\/strong><\/p>\n\n\n\n<hr class=\"wp-block-separator has-alpha-channel-opacity is-style-wide\"\/>\n\n\n\n<div style=\"height:20px\" aria-hidden=\"true\" class=\"wp-block-spacer\"><\/div>\n\n\n\n<p class=\"has-text-align-center has-small-font-size\">APEX ECO BUILDING somos una empresa l\u00edder que ofrece a todo el mundo las mejores casas m\u00f3viles y casas manufacturadas en una variedad de estilos, planos de distribuci\u00f3n y rango de precios que satisfacen los diferentes estilos y necesidades de nuestros clientes. Con el uso del sistema innovador \u201cAPEX ECO-HOUSE\u201d casas prefabricadas.<\/p>\n\n\n\n<p class=\"has-text-align-center has-small-font-size\">Proporcionamos una variedad de soluciones de fabricaci\u00f3n tanto individual como multi-familiar, casas vacacionales y comerciales para desarrolladores de vivienda, Constructores, Arquitectos, Instituciones y Empresas que requieran de edificaciones prefabricadas con calidad y pronta entrega para sus proyectos.<\/p>\n<\/div><\/div>\n\n\n\n<div style=\"height:50px\" aria-hidden=\"true\" class=\"wp-block-spacer\"><\/div>\n\n\n\n<div class=\"wp-block-media-text has-media-on-the-right is-stacked-on-mobile is-vertically-aligned-center has-background\" style=\"background-color:#4a89724f\"><div class=\"wp-block-media-text__content\">\n<div style=\"height:20px\" aria-hidden=\"true\" class=\"wp-block-spacer\"><\/div>\n\n\n\n<p class=\"has-text-align-center has-medium-font-size\"><strong>MISI\u00d3N<\/strong><\/p>\n\n\n\n<hr class=\"wp-block-separator has-alpha-channel-opacity is-style-wide\"\/>\n\n\n\n<div style=\"height:20px\" aria-hidden=\"true\" class=\"wp-block-spacer\"><\/div>\n\n\n\n<p class=\"has-text-align-center\">Elaborar\u00a0proyectos de construcci\u00f3n con altos niveles de calidad que impulse el desarrollo urban\u00edstico y mejore la calidad de vida de nuestros clientes. Ofrecemos una amplia variedad de servicios orientados a la construcci\u00f3n, plani\ufb01caci\u00f3n, dise\u00f1os y mejorar el desempe\u00f1o de las edi\ufb01caciones residenciales.<\/p>\n<\/div><figure class=\"wp-block-media-text__media\"><img loading=\"lazy\" decoding=\"async\" width=\"640\" height=\"640\" src=\"https:\/\/www.apexecohouse.com\/home\/wp-content\/uploads\/2023\/11\/FondosPag-Apex2.jpg\" alt=\"\" class=\"wp-image-43 size-full\" srcset=\"https:\/\/www.apexecohouse.com\/home\/wp-content\/uploads\/2023\/11\/FondosPag-Apex2.jpg 640w, https:\/\/www.apexecohouse.com\/home\/wp-content\/uploads\/2023\/11\/FondosPag-Apex2-300x300.jpg 300w, https:\/\/www.apexecohouse.com\/home\/wp-content\/uploads\/2023\/11\/FondosPag-Apex2-150x150.jpg 150w\" sizes=\"auto, (max-width: 640px) 100vw, 640px\" \/><\/figure><\/div>\n\n\n\n<div style=\"height:50px\" aria-hidden=\"true\" class=\"wp-block-spacer\"><\/div>\n\n\n\n<div class=\"wp-block-media-text is-stacked-on-mobile has-background\" style=\"background-color:#4a89724f\"><figure class=\"wp-block-media-text__media\"><img loading=\"lazy\" decoding=\"async\" width=\"640\" height=\"640\" src=\"https:\/\/www.apexecohouse.com\/home\/wp-content\/uploads\/2023\/11\/FondosPag-Apex3.jpg\" alt=\"\" class=\"wp-image-48 size-full\" srcset=\"https:\/\/www.apexecohouse.com\/home\/wp-content\/uploads\/2023\/11\/FondosPag-Apex3.jpg 640w, https:\/\/www.apexecohouse.com\/home\/wp-content\/uploads\/2023\/11\/FondosPag-Apex3-300x300.jpg 300w, https:\/\/www.apexecohouse.com\/home\/wp-content\/uploads\/2023\/11\/FondosPag-Apex3-150x150.jpg 150w\" sizes=\"auto, (max-width: 640px) 100vw, 640px\" \/><\/figure><div class=\"wp-block-media-text__content\">\n<div style=\"height:20px\" aria-hidden=\"true\" class=\"wp-block-spacer\"><\/div>\n\n\n\n<p class=\"has-text-align-center has-medium-font-size\"><strong>VISI\u00d3N<\/strong><\/p>\n\n\n\n<hr class=\"wp-block-separator has-alpha-channel-opacity is-style-wide\"\/>\n\n\n\n<div style=\"height:20px\" aria-hidden=\"true\" class=\"wp-block-spacer\"><\/div>\n\n\n\n<p class=\"has-text-align-center\">APEX ECO-BUILDING ser\u00e1 una empresa constructora l\u00edder en el sector, en todo el territorio nacional, que sobresale por brindar alternativas integrales de vivienda con altos \u00edndices de calidad, a precios justos y buscando llenar las expectativas de nuestros clientes.<\/p>\n<\/div><\/div>\n\n\n\n<div style=\"height:50px\" aria-hidden=\"true\" class=\"wp-block-spacer\"><\/div>\n\n\n\n<div class=\"wp-block-media-text has-media-on-the-right is-stacked-on-mobile has-background\" style=\"background-color:#4a89724f\"><div class=\"wp-block-media-text__content\">\n<div style=\"height:20px\" aria-hidden=\"true\" class=\"wp-block-spacer\"><\/div>\n\n\n\n<p class=\"has-text-align-center has-medium-font-size\"><strong>VALORES<\/strong><\/p>\n\n\n\n<hr class=\"wp-block-separator has-alpha-channel-opacity is-style-wide\"\/>\n\n\n\n<div style=\"height:21px\" aria-hidden=\"true\" class=\"wp-block-spacer\"><\/div>\n\n\n\n<p class=\"has-text-align-center\">Somos una constructora que cuenta con una estrategia comercial fundamentada en elementos diferentes como el precio, dise\u00f1o y rapidez de construcci\u00f3n. Nuestro servicio se centra en el novedoso sistema de casas \u201cApex Eco-House\u201d casas prefabricadas. Debemos ser rentable para sus accionistas, brindar bienestar y oportunidades a sus funcionarios y contribuir con el desarrollo social y econ\u00f3mico del pa\u00eds.<\/p>\n<\/div><figure class=\"wp-block-media-text__media\"><img loading=\"lazy\" decoding=\"async\" width=\"640\" height=\"640\" src=\"https:\/\/www.apexecohouse.com\/home\/wp-content\/uploads\/2023\/11\/FondosPag-Apex4.jpg\" alt=\"\" class=\"wp-image-51 size-full\" srcset=\"https:\/\/www.apexecohouse.com\/home\/wp-content\/uploads\/2023\/11\/FondosPag-Apex4.jpg 640w, https:\/\/www.apexecohouse.com\/home\/wp-content\/uploads\/2023\/11\/FondosPag-Apex4-300x300.jpg 300w, https:\/\/www.apexecohouse.com\/home\/wp-content\/uploads\/2023\/11\/FondosPag-Apex4-150x150.jpg 150w\" sizes=\"auto, (max-width: 640px) 100vw, 640px\" \/><\/figure><\/div>\n","protected":false},"excerpt":{"rendered":"<p>Ofrecemos una amplia variedad de servicios orientados a la construcci\u00f3n, plani\ufb01caci\u00f3n, dise\u00f1os y mejoras de las edi\ufb01caciones&#8230;<\/p>\n","protected":false},"author":2,"featured_media":0,"parent":0,"menu_order":0,"comment_status":"closed","ping_status":"closed","template":"","meta":{"footnotes":""},"class_list":["post-24","page","type-page","status-publish","hentry"],"_links":{"self":[{"href":"https:\/\/www.apexecohouse.com\/home\/wp-json\/wp\/v2\/pages\/24","targetHints":{"allow":["GET"]}}],"collection":[{"href":"https:\/\/www.apexecohouse.com\/home\/wp-json\/wp\/v2\/pages"}],"about":[{"href":"https:\/\/www.apexecohouse.com\/home\/wp-json\/wp\/v2\/types\/page"}],"author":[{"embeddable":true,"href":"https:\/\/www.apexecohouse.com\/home\/wp-json\/wp\/v2\/users\/2"}],"replies":[{"embeddable":true,"href":"https:\/\/www.apexecohouse.com\/home\/wp-json\/wp\/v2\/comments?post=24"}],"version-history":[{"count":0,"href":"https:\/\/www.apexecohouse.com\/home\/wp-json\/wp\/v2\/pages\/24\/revisions"}],"wp:attachment":[{"href":"https:\/\/www.apexecohouse.com\/home\/wp-json\/wp\/v2\/media?parent=24"}],"curies":[{"name":"wp","href":"https:\/\/api.w.org\/{rel}","templated":true}]}}