{"id":254,"date":"2025-02-11T15:27:50","date_gmt":"2025-02-11T15:27:50","guid":{"rendered":"https:\/\/apexecobuilding.com\/home\/?page_id=254"},"modified":"2025-02-11T15:27:50","modified_gmt":"2025-02-11T15:27:50","slug":"cabana-triangular","status":"publish","type":"page","link":"https:\/\/www.apexecohouse.com\/home\/cabana-triangular\/","title":{"rendered":"Caba\u00f1a Triangular"},"content":{"rendered":"\n<div style=\"height:70px\" aria-hidden=\"true\" class=\"wp-block-spacer\"><\/div>\n\n\n\n<p class=\"has-large-font-size\"><strong>Caba\u00f1a Triangular<\/strong><\/p>\n\n\n\n<div style=\"height:60px\" aria-hidden=\"true\" class=\"wp-block-spacer\"><\/div>\n\n\n\n<hr class=\"wp-block-separator has-alpha-channel-opacity is-style-wide\"\/>\n\n\n\n<div style=\"height:50px\" aria-hidden=\"true\" class=\"wp-block-spacer\"><\/div>\n\n\n\n<p class=\"has-medium-font-size\">Especificaciones:<\/p>\n\n\n\n<div style=\"height:20px\" aria-hidden=\"true\" class=\"wp-block-spacer\"><\/div>\n\n\n\n<div class=\"wp-block-columns is-layout-flex wp-container-core-columns-is-layout-9d6595d7 wp-block-columns-is-layout-flex\">\n<div class=\"wp-block-column is-layout-flow wp-block-column-is-layout-flow\">\n<p>\u00c1REAS<br>&#8211; N\u00famero de Recamaras: <br>&#8211; N\u00famero de ba\u00f1os:<br>&#8211; Sala\/Comedor:<br>&#8211; Cocina:<br>&#8211; Terraza:<\/p>\n<\/div>\n\n\n\n<div class=\"wp-block-column is-layout-flow wp-block-column-is-layout-flow\">\n<p>CONSTRUCCI\u00d3N<br>&#8211; Total de m2:<br>&#8211; Planta baja:<br>&#8211; Planta alta:<br>&#8211; Terraza:<\/p>\n<\/div>\n<\/div>\n\n\n\n<div style=\"height:50px\" aria-hidden=\"true\" class=\"wp-block-spacer\"><\/div>\n\n\n\n<figure class=\"wp-block-gallery has-nested-images columns-default is-cropped wp-block-gallery-1 is-layout-flex wp-block-gallery-is-layout-flex\">\n<figure class=\"wp-block-image size-large\"><img loading=\"lazy\" decoding=\"async\" width=\"1024\" height=\"559\" data-id=\"255\" src=\"https:\/\/www.apexecohouse.com\/home\/wp-content\/uploads\/2025\/02\/image_fx_-2025-01-08T132823.628-1024x559.png\" alt=\"\" class=\"wp-image-255\" srcset=\"https:\/\/www.apexecohouse.com\/home\/wp-content\/uploads\/2025\/02\/image_fx_-2025-01-08T132823.628-1024x559.png 1024w, https:\/\/www.apexecohouse.com\/home\/wp-content\/uploads\/2025\/02\/image_fx_-2025-01-08T132823.628-300x164.png 300w, https:\/\/www.apexecohouse.com\/home\/wp-content\/uploads\/2025\/02\/image_fx_-2025-01-08T132823.628-768x419.png 768w, https:\/\/www.apexecohouse.com\/home\/wp-content\/uploads\/2025\/02\/image_fx_-2025-01-08T132823.628.png 1408w\" sizes=\"auto, (max-width: 1024px) 100vw, 1024px\" \/><\/figure>\n\n\n\n<figure class=\"wp-block-image size-large\"><img loading=\"lazy\" decoding=\"async\" width=\"1024\" height=\"559\" data-id=\"256\" src=\"https:\/\/www.apexecohouse.com\/home\/wp-content\/uploads\/2025\/02\/image_fx_-2025-01-08T132652.885-1024x559.png\" alt=\"\" class=\"wp-image-256\" srcset=\"https:\/\/www.apexecohouse.com\/home\/wp-content\/uploads\/2025\/02\/image_fx_-2025-01-08T132652.885-1024x559.png 1024w, https:\/\/www.apexecohouse.com\/home\/wp-content\/uploads\/2025\/02\/image_fx_-2025-01-08T132652.885-300x164.png 300w, https:\/\/www.apexecohouse.com\/home\/wp-content\/uploads\/2025\/02\/image_fx_-2025-01-08T132652.885-768x419.png 768w, https:\/\/www.apexecohouse.com\/home\/wp-content\/uploads\/2025\/02\/image_fx_-2025-01-08T132652.885.png 1408w\" sizes=\"auto, (max-width: 1024px) 100vw, 1024px\" \/><\/figure>\n\n\n\n<figure class=\"wp-block-image size-large\"><img loading=\"lazy\" decoding=\"async\" width=\"1024\" height=\"559\" data-id=\"257\" src=\"https:\/\/www.apexecohouse.com\/home\/wp-content\/uploads\/2025\/02\/image_fx_-2025-01-08T132750.013-1024x559.png\" alt=\"\" class=\"wp-image-257\" srcset=\"https:\/\/www.apexecohouse.com\/home\/wp-content\/uploads\/2025\/02\/image_fx_-2025-01-08T132750.013-1024x559.png 1024w, https:\/\/www.apexecohouse.com\/home\/wp-content\/uploads\/2025\/02\/image_fx_-2025-01-08T132750.013-300x164.png 300w, https:\/\/www.apexecohouse.com\/home\/wp-content\/uploads\/2025\/02\/image_fx_-2025-01-08T132750.013-768x419.png 768w, https:\/\/www.apexecohouse.com\/home\/wp-content\/uploads\/2025\/02\/image_fx_-2025-01-08T132750.013.png 1408w\" sizes=\"auto, (max-width: 1024px) 100vw, 1024px\" \/><\/figure>\n\n\n\n<figure class=\"wp-block-image size-large\"><img loading=\"lazy\" decoding=\"async\" width=\"1024\" height=\"559\" data-id=\"258\" src=\"https:\/\/www.apexecohouse.com\/home\/wp-content\/uploads\/2025\/02\/image_fx_-2025-01-08T132828.041-1024x559.png\" alt=\"\" class=\"wp-image-258\" srcset=\"https:\/\/www.apexecohouse.com\/home\/wp-content\/uploads\/2025\/02\/image_fx_-2025-01-08T132828.041-1024x559.png 1024w, https:\/\/www.apexecohouse.com\/home\/wp-content\/uploads\/2025\/02\/image_fx_-2025-01-08T132828.041-300x164.png 300w, https:\/\/www.apexecohouse.com\/home\/wp-content\/uploads\/2025\/02\/image_fx_-2025-01-08T132828.041-768x419.png 768w, https:\/\/www.apexecohouse.com\/home\/wp-content\/uploads\/2025\/02\/image_fx_-2025-01-08T132828.041.png 1408w\" sizes=\"auto, (max-width: 1024px) 100vw, 1024px\" \/><\/figure>\n\n\n\n<figure class=\"wp-block-image size-large\"><img loading=\"lazy\" decoding=\"async\" width=\"1024\" height=\"559\" data-id=\"259\" src=\"https:\/\/www.apexecohouse.com\/home\/wp-content\/uploads\/2025\/02\/image_fx_-2025-01-08T133008.204-1024x559.png\" alt=\"\" class=\"wp-image-259\" srcset=\"https:\/\/www.apexecohouse.com\/home\/wp-content\/uploads\/2025\/02\/image_fx_-2025-01-08T133008.204-1024x559.png 1024w, https:\/\/www.apexecohouse.com\/home\/wp-content\/uploads\/2025\/02\/image_fx_-2025-01-08T133008.204-300x164.png 300w, https:\/\/www.apexecohouse.com\/home\/wp-content\/uploads\/2025\/02\/image_fx_-2025-01-08T133008.204-768x419.png 768w, https:\/\/www.apexecohouse.com\/home\/wp-content\/uploads\/2025\/02\/image_fx_-2025-01-08T133008.204.png 1408w\" sizes=\"auto, (max-width: 1024px) 100vw, 1024px\" \/><\/figure>\n\n\n\n<figure class=\"wp-block-image size-large\"><img loading=\"lazy\" decoding=\"async\" width=\"1024\" height=\"559\" data-id=\"260\" src=\"https:\/\/www.apexecohouse.com\/home\/wp-content\/uploads\/2025\/02\/image_fx_-2025-01-08T133009.965-1024x559.png\" alt=\"Caba\u00f1a Triangular\" class=\"wp-image-260\" srcset=\"https:\/\/www.apexecohouse.com\/home\/wp-content\/uploads\/2025\/02\/image_fx_-2025-01-08T133009.965-1024x559.png 1024w, https:\/\/www.apexecohouse.com\/home\/wp-content\/uploads\/2025\/02\/image_fx_-2025-01-08T133009.965-300x164.png 300w, https:\/\/www.apexecohouse.com\/home\/wp-content\/uploads\/2025\/02\/image_fx_-2025-01-08T133009.965-768x419.png 768w, https:\/\/www.apexecohouse.com\/home\/wp-content\/uploads\/2025\/02\/image_fx_-2025-01-08T133009.965.png 1408w\" sizes=\"auto, (max-width: 1024px) 100vw, 1024px\" \/><\/figure>\n<\/figure>\n\n\n\n<div style=\"height:100px\" aria-hidden=\"true\" class=\"wp-block-spacer\"><\/div>\n","protected":false},"excerpt":{"rendered":"<p>Caba\u00f1a Triangular<\/p>\n","protected":false},"author":2,"featured_media":261,"parent":0,"menu_order":0,"comment_status":"closed","ping_status":"closed","template":"","meta":{"footnotes":""},"class_list":["post-254","page","type-page","status-publish","has-post-thumbnail","hentry"],"_links":{"self":[{"href":"https:\/\/www.apexecohouse.com\/home\/wp-json\/wp\/v2\/pages\/254","targetHints":{"allow":["GET"]}}],"collection":[{"href":"https:\/\/www.apexecohouse.com\/home\/wp-json\/wp\/v2\/pages"}],"about":[{"href":"https:\/\/www.apexecohouse.com\/home\/wp-json\/wp\/v2\/types\/page"}],"author":[{"embeddable":true,"href":"https:\/\/www.apexecohouse.com\/home\/wp-json\/wp\/v2\/users\/2"}],"replies":[{"embeddable":true,"href":"https:\/\/www.apexecohouse.com\/home\/wp-json\/wp\/v2\/comments?post=254"}],"version-history":[{"count":0,"href":"https:\/\/www.apexecohouse.com\/home\/wp-json\/wp\/v2\/pages\/254\/revisions"}],"wp:featuredmedia":[{"embeddable":true,"href":"https:\/\/www.apexecohouse.com\/home\/wp-json\/wp\/v2\/media\/261"}],"wp:attachment":[{"href":"https:\/\/www.apexecohouse.com\/home\/wp-json\/wp\/v2\/media?parent=254"}],"curies":[{"name":"wp","href":"https:\/\/api.w.org\/{rel}","templated":true}]}}