{"id":265,"date":"2025-02-11T15:41:34","date_gmt":"2025-02-11T15:41:34","guid":{"rendered":"https:\/\/apexecobuilding.com\/home\/?page_id=265"},"modified":"2025-02-11T15:41:34","modified_gmt":"2025-02-11T15:41:34","slug":"cabana-chalet","status":"publish","type":"page","link":"https:\/\/www.apexecohouse.com\/home\/cabana-chalet\/","title":{"rendered":"Caba\u00f1a Chalet"},"content":{"rendered":"\n<div style=\"height:70px\" aria-hidden=\"true\" class=\"wp-block-spacer\"><\/div>\n\n\n\n<p class=\"has-large-font-size\"><strong>Caba\u00f1a Chalet<\/strong><\/p>\n\n\n\n<div style=\"height:60px\" aria-hidden=\"true\" class=\"wp-block-spacer\"><\/div>\n\n\n\n<hr class=\"wp-block-separator has-alpha-channel-opacity is-style-wide\"\/>\n\n\n\n<div style=\"height:50px\" aria-hidden=\"true\" class=\"wp-block-spacer\"><\/div>\n\n\n\n<p class=\"has-medium-font-size\">Especificaciones:<\/p>\n\n\n\n<div style=\"height:20px\" aria-hidden=\"true\" class=\"wp-block-spacer\"><\/div>\n\n\n\n<div class=\"wp-block-columns is-layout-flex wp-container-core-columns-is-layout-9d6595d7 wp-block-columns-is-layout-flex\">\n<div class=\"wp-block-column is-layout-flow wp-block-column-is-layout-flow\">\n<p>\u00c1REAS<br>&#8211; N\u00famero de Recamaras: <br>&#8211; N\u00famero de ba\u00f1os:<br>&#8211; Sala\/Comedor:<br>&#8211; Cocina:<br>&#8211; Terraza:<\/p>\n<\/div>\n\n\n\n<div class=\"wp-block-column is-layout-flow wp-block-column-is-layout-flow\">\n<p>CONSTRUCCI\u00d3N<br>&#8211; Total de m2:<br>&#8211; Planta baja:<br>&#8211; Planta alta:<br>&#8211; Terraza:<\/p>\n<\/div>\n<\/div>\n\n\n\n<div style=\"height:50px\" aria-hidden=\"true\" class=\"wp-block-spacer\"><\/div>\n\n\n\n<figure class=\"wp-block-gallery has-nested-images columns-default is-cropped wp-block-gallery-1 is-layout-flex wp-block-gallery-is-layout-flex\">\n<figure class=\"wp-block-image size-large\"><img loading=\"lazy\" decoding=\"async\" width=\"1024\" height=\"559\" data-id=\"266\" src=\"https:\/\/www.apexecohouse.com\/home\/wp-content\/uploads\/2025\/02\/image_fx_-2025-01-07T181136.763-1024x559.png\" alt=\"\" class=\"wp-image-266\" srcset=\"https:\/\/www.apexecohouse.com\/home\/wp-content\/uploads\/2025\/02\/image_fx_-2025-01-07T181136.763-1024x559.png 1024w, https:\/\/www.apexecohouse.com\/home\/wp-content\/uploads\/2025\/02\/image_fx_-2025-01-07T181136.763-300x164.png 300w, https:\/\/www.apexecohouse.com\/home\/wp-content\/uploads\/2025\/02\/image_fx_-2025-01-07T181136.763-768x419.png 768w, https:\/\/www.apexecohouse.com\/home\/wp-content\/uploads\/2025\/02\/image_fx_-2025-01-07T181136.763.png 1408w\" sizes=\"auto, (max-width: 1024px) 100vw, 1024px\" \/><\/figure>\n\n\n\n<figure class=\"wp-block-image size-large\"><img loading=\"lazy\" decoding=\"async\" width=\"1024\" height=\"559\" data-id=\"268\" src=\"https:\/\/www.apexecohouse.com\/home\/wp-content\/uploads\/2025\/02\/image_fx_-2025-01-07T181140.304-1024x559.png\" alt=\"\" class=\"wp-image-268\" srcset=\"https:\/\/www.apexecohouse.com\/home\/wp-content\/uploads\/2025\/02\/image_fx_-2025-01-07T181140.304-1024x559.png 1024w, https:\/\/www.apexecohouse.com\/home\/wp-content\/uploads\/2025\/02\/image_fx_-2025-01-07T181140.304-300x164.png 300w, https:\/\/www.apexecohouse.com\/home\/wp-content\/uploads\/2025\/02\/image_fx_-2025-01-07T181140.304-768x419.png 768w, https:\/\/www.apexecohouse.com\/home\/wp-content\/uploads\/2025\/02\/image_fx_-2025-01-07T181140.304.png 1408w\" sizes=\"auto, (max-width: 1024px) 100vw, 1024px\" \/><\/figure>\n\n\n\n<figure class=\"wp-block-image size-large\"><img loading=\"lazy\" decoding=\"async\" width=\"1024\" height=\"559\" data-id=\"269\" src=\"https:\/\/www.apexecohouse.com\/home\/wp-content\/uploads\/2025\/02\/image_fx_-2025-01-07T181223.169-1024x559.png\" alt=\"\" class=\"wp-image-269\" srcset=\"https:\/\/www.apexecohouse.com\/home\/wp-content\/uploads\/2025\/02\/image_fx_-2025-01-07T181223.169-1024x559.png 1024w, https:\/\/www.apexecohouse.com\/home\/wp-content\/uploads\/2025\/02\/image_fx_-2025-01-07T181223.169-300x164.png 300w, https:\/\/www.apexecohouse.com\/home\/wp-content\/uploads\/2025\/02\/image_fx_-2025-01-07T181223.169-768x419.png 768w, https:\/\/www.apexecohouse.com\/home\/wp-content\/uploads\/2025\/02\/image_fx_-2025-01-07T181223.169.png 1408w\" sizes=\"auto, (max-width: 1024px) 100vw, 1024px\" \/><\/figure>\n\n\n\n<figure class=\"wp-block-image size-large\"><img loading=\"lazy\" decoding=\"async\" width=\"1024\" height=\"559\" data-id=\"271\" src=\"https:\/\/www.apexecohouse.com\/home\/wp-content\/uploads\/2025\/02\/image_fx_-2025-01-07T181006.742-1024x559.png\" alt=\"\" class=\"wp-image-271\" srcset=\"https:\/\/www.apexecohouse.com\/home\/wp-content\/uploads\/2025\/02\/image_fx_-2025-01-07T181006.742-1024x559.png 1024w, https:\/\/www.apexecohouse.com\/home\/wp-content\/uploads\/2025\/02\/image_fx_-2025-01-07T181006.742-300x164.png 300w, https:\/\/www.apexecohouse.com\/home\/wp-content\/uploads\/2025\/02\/image_fx_-2025-01-07T181006.742-768x419.png 768w, https:\/\/www.apexecohouse.com\/home\/wp-content\/uploads\/2025\/02\/image_fx_-2025-01-07T181006.742.png 1408w\" sizes=\"auto, (max-width: 1024px) 100vw, 1024px\" \/><\/figure>\n\n\n\n<figure class=\"wp-block-image size-large\"><img loading=\"lazy\" decoding=\"async\" width=\"1024\" height=\"559\" data-id=\"272\" src=\"https:\/\/www.apexecohouse.com\/home\/wp-content\/uploads\/2025\/02\/image_fx_-2025-01-07T181055.193-1024x559.png\" alt=\"\" class=\"wp-image-272\" srcset=\"https:\/\/www.apexecohouse.com\/home\/wp-content\/uploads\/2025\/02\/image_fx_-2025-01-07T181055.193-1024x559.png 1024w, https:\/\/www.apexecohouse.com\/home\/wp-content\/uploads\/2025\/02\/image_fx_-2025-01-07T181055.193-300x164.png 300w, https:\/\/www.apexecohouse.com\/home\/wp-content\/uploads\/2025\/02\/image_fx_-2025-01-07T181055.193-768x419.png 768w, https:\/\/www.apexecohouse.com\/home\/wp-content\/uploads\/2025\/02\/image_fx_-2025-01-07T181055.193.png 1408w\" sizes=\"auto, (max-width: 1024px) 100vw, 1024px\" \/><\/figure>\n\n\n\n<figure class=\"wp-block-image size-large\"><img loading=\"lazy\" decoding=\"async\" width=\"1024\" height=\"559\" data-id=\"273\" src=\"https:\/\/www.apexecohouse.com\/home\/wp-content\/uploads\/2025\/02\/image_fx_-2025-01-07T181008.599-1024x559.png\" alt=\"Caba\u00f1a Chalet\" class=\"wp-image-273\" srcset=\"https:\/\/www.apexecohouse.com\/home\/wp-content\/uploads\/2025\/02\/image_fx_-2025-01-07T181008.599-1024x559.png 1024w, https:\/\/www.apexecohouse.com\/home\/wp-content\/uploads\/2025\/02\/image_fx_-2025-01-07T181008.599-300x164.png 300w, https:\/\/www.apexecohouse.com\/home\/wp-content\/uploads\/2025\/02\/image_fx_-2025-01-07T181008.599-768x419.png 768w, https:\/\/www.apexecohouse.com\/home\/wp-content\/uploads\/2025\/02\/image_fx_-2025-01-07T181008.599.png 1408w\" sizes=\"auto, (max-width: 1024px) 100vw, 1024px\" \/><\/figure>\n<\/figure>\n\n\n\n<div style=\"height:100px\" aria-hidden=\"true\" class=\"wp-block-spacer\"><\/div>\n","protected":false},"excerpt":{"rendered":"<p>Caba\u00f1a Chalet<\/p>\n","protected":false},"author":2,"featured_media":267,"parent":0,"menu_order":0,"comment_status":"closed","ping_status":"closed","template":"","meta":{"footnotes":""},"class_list":["post-265","page","type-page","status-publish","has-post-thumbnail","hentry"],"_links":{"self":[{"href":"https:\/\/www.apexecohouse.com\/home\/wp-json\/wp\/v2\/pages\/265","targetHints":{"allow":["GET"]}}],"collection":[{"href":"https:\/\/www.apexecohouse.com\/home\/wp-json\/wp\/v2\/pages"}],"about":[{"href":"https:\/\/www.apexecohouse.com\/home\/wp-json\/wp\/v2\/types\/page"}],"author":[{"embeddable":true,"href":"https:\/\/www.apexecohouse.com\/home\/wp-json\/wp\/v2\/users\/2"}],"replies":[{"embeddable":true,"href":"https:\/\/www.apexecohouse.com\/home\/wp-json\/wp\/v2\/comments?post=265"}],"version-history":[{"count":1,"href":"https:\/\/www.apexecohouse.com\/home\/wp-json\/wp\/v2\/pages\/265\/revisions"}],"predecessor-version":[{"id":326,"href":"https:\/\/www.apexecohouse.com\/home\/wp-json\/wp\/v2\/pages\/265\/revisions\/326"}],"wp:featuredmedia":[{"embeddable":true,"href":"https:\/\/www.apexecohouse.com\/home\/wp-json\/wp\/v2\/media\/267"}],"wp:attachment":[{"href":"https:\/\/www.apexecohouse.com\/home\/wp-json\/wp\/v2\/media?parent=265"}],"curies":[{"name":"wp","href":"https:\/\/api.w.org\/{rel}","templated":true}]}}