{"id":276,"date":"2025-02-11T15:51:51","date_gmt":"2025-02-11T15:51:51","guid":{"rendered":"https:\/\/apexecobuilding.com\/home\/?page_id=276"},"modified":"2025-02-11T15:51:51","modified_gmt":"2025-02-11T15:51:51","slug":"cabana-minimalista","status":"publish","type":"page","link":"https:\/\/www.apexecohouse.com\/home\/cabana-minimalista\/","title":{"rendered":"Caba\u00f1a Minimalista"},"content":{"rendered":"\n<div style=\"height:70px\" aria-hidden=\"true\" class=\"wp-block-spacer\"><\/div>\n\n\n\n<p class=\"has-large-font-size\"><strong>Caba\u00f1a Minimalista<\/strong><\/p>\n\n\n\n<div style=\"height:60px\" aria-hidden=\"true\" class=\"wp-block-spacer\"><\/div>\n\n\n\n<hr class=\"wp-block-separator has-alpha-channel-opacity is-style-wide\"\/>\n\n\n\n<div style=\"height:50px\" aria-hidden=\"true\" class=\"wp-block-spacer\"><\/div>\n\n\n\n<p class=\"has-medium-font-size\">Especificaciones:<\/p>\n\n\n\n<div style=\"height:20px\" aria-hidden=\"true\" class=\"wp-block-spacer\"><\/div>\n\n\n\n<div class=\"wp-block-columns is-layout-flex wp-container-core-columns-is-layout-9d6595d7 wp-block-columns-is-layout-flex\">\n<div class=\"wp-block-column is-layout-flow wp-block-column-is-layout-flow\">\n<p>\u00c1REAS<br>&#8211; N\u00famero de Recamaras: <br>&#8211; N\u00famero de ba\u00f1os:<br>&#8211; Sala\/Comedor:<br>&#8211; Cocina:<br>&#8211; Terraza:<\/p>\n<\/div>\n\n\n\n<div class=\"wp-block-column is-layout-flow wp-block-column-is-layout-flow\">\n<p>CONSTRUCCI\u00d3N<br>&#8211; Total de m2:<br>&#8211; Planta baja:<br>&#8211; Planta alta:<br>&#8211; Terraza:<\/p>\n<\/div>\n<\/div>\n\n\n\n<div style=\"height:50px\" aria-hidden=\"true\" class=\"wp-block-spacer\"><\/div>\n\n\n\n<figure class=\"wp-block-gallery has-nested-images columns-default is-cropped wp-block-gallery-1 is-layout-flex wp-block-gallery-is-layout-flex\">\n<figure class=\"wp-block-image size-large\"><img loading=\"lazy\" decoding=\"async\" width=\"1024\" height=\"559\" data-id=\"277\" src=\"https:\/\/www.apexecohouse.com\/home\/wp-content\/uploads\/2025\/02\/image_fx_-2025-01-07T180752.950-1024x559.png\" alt=\"\" class=\"wp-image-277\" srcset=\"https:\/\/www.apexecohouse.com\/home\/wp-content\/uploads\/2025\/02\/image_fx_-2025-01-07T180752.950-1024x559.png 1024w, https:\/\/www.apexecohouse.com\/home\/wp-content\/uploads\/2025\/02\/image_fx_-2025-01-07T180752.950-300x164.png 300w, https:\/\/www.apexecohouse.com\/home\/wp-content\/uploads\/2025\/02\/image_fx_-2025-01-07T180752.950-768x419.png 768w, https:\/\/www.apexecohouse.com\/home\/wp-content\/uploads\/2025\/02\/image_fx_-2025-01-07T180752.950.png 1408w\" sizes=\"auto, (max-width: 1024px) 100vw, 1024px\" \/><\/figure>\n\n\n\n<figure class=\"wp-block-image size-large\"><img loading=\"lazy\" decoding=\"async\" width=\"1024\" height=\"559\" data-id=\"278\" src=\"https:\/\/www.apexecohouse.com\/home\/wp-content\/uploads\/2025\/02\/image_fx_-2025-01-07T180209.920-1024x559.png\" alt=\"\" class=\"wp-image-278\" srcset=\"https:\/\/www.apexecohouse.com\/home\/wp-content\/uploads\/2025\/02\/image_fx_-2025-01-07T180209.920-1024x559.png 1024w, https:\/\/www.apexecohouse.com\/home\/wp-content\/uploads\/2025\/02\/image_fx_-2025-01-07T180209.920-300x164.png 300w, https:\/\/www.apexecohouse.com\/home\/wp-content\/uploads\/2025\/02\/image_fx_-2025-01-07T180209.920-768x419.png 768w, https:\/\/www.apexecohouse.com\/home\/wp-content\/uploads\/2025\/02\/image_fx_-2025-01-07T180209.920.png 1408w\" sizes=\"auto, (max-width: 1024px) 100vw, 1024px\" \/><\/figure>\n\n\n\n<figure class=\"wp-block-image size-large\"><img loading=\"lazy\" decoding=\"async\" width=\"1024\" height=\"559\" data-id=\"279\" src=\"https:\/\/www.apexecohouse.com\/home\/wp-content\/uploads\/2025\/02\/image_fx_-2025-01-07T181057.110-1024x559.png\" alt=\"Caba\u00f1a Minimalista\" class=\"wp-image-279\" srcset=\"https:\/\/www.apexecohouse.com\/home\/wp-content\/uploads\/2025\/02\/image_fx_-2025-01-07T181057.110-1024x559.png 1024w, https:\/\/www.apexecohouse.com\/home\/wp-content\/uploads\/2025\/02\/image_fx_-2025-01-07T181057.110-300x164.png 300w, https:\/\/www.apexecohouse.com\/home\/wp-content\/uploads\/2025\/02\/image_fx_-2025-01-07T181057.110-768x419.png 768w, https:\/\/www.apexecohouse.com\/home\/wp-content\/uploads\/2025\/02\/image_fx_-2025-01-07T181057.110.png 1408w\" sizes=\"auto, (max-width: 1024px) 100vw, 1024px\" \/><\/figure>\n\n\n\n<figure class=\"wp-block-image size-large\"><img loading=\"lazy\" decoding=\"async\" width=\"1024\" height=\"559\" data-id=\"280\" src=\"https:\/\/www.apexecohouse.com\/home\/wp-content\/uploads\/2025\/02\/image_fx_-2025-01-07T181224.761-1024x559.png\" alt=\"\" class=\"wp-image-280\" srcset=\"https:\/\/www.apexecohouse.com\/home\/wp-content\/uploads\/2025\/02\/image_fx_-2025-01-07T181224.761-1024x559.png 1024w, https:\/\/www.apexecohouse.com\/home\/wp-content\/uploads\/2025\/02\/image_fx_-2025-01-07T181224.761-300x164.png 300w, https:\/\/www.apexecohouse.com\/home\/wp-content\/uploads\/2025\/02\/image_fx_-2025-01-07T181224.761-768x419.png 768w, https:\/\/www.apexecohouse.com\/home\/wp-content\/uploads\/2025\/02\/image_fx_-2025-01-07T181224.761.png 1408w\" sizes=\"auto, (max-width: 1024px) 100vw, 1024px\" \/><\/figure>\n\n\n\n<figure class=\"wp-block-image size-large\"><img loading=\"lazy\" decoding=\"async\" width=\"1024\" height=\"559\" data-id=\"281\" src=\"https:\/\/www.apexecohouse.com\/home\/wp-content\/uploads\/2025\/02\/image_fx_-2025-01-07T181226.869-1024x559.png\" alt=\"\" class=\"wp-image-281\" srcset=\"https:\/\/www.apexecohouse.com\/home\/wp-content\/uploads\/2025\/02\/image_fx_-2025-01-07T181226.869-1024x559.png 1024w, https:\/\/www.apexecohouse.com\/home\/wp-content\/uploads\/2025\/02\/image_fx_-2025-01-07T181226.869-300x164.png 300w, https:\/\/www.apexecohouse.com\/home\/wp-content\/uploads\/2025\/02\/image_fx_-2025-01-07T181226.869-768x419.png 768w, https:\/\/www.apexecohouse.com\/home\/wp-content\/uploads\/2025\/02\/image_fx_-2025-01-07T181226.869.png 1408w\" sizes=\"auto, (max-width: 1024px) 100vw, 1024px\" \/><\/figure>\n\n\n\n<figure class=\"wp-block-image size-large\"><img loading=\"lazy\" decoding=\"async\" width=\"1024\" height=\"559\" data-id=\"282\" src=\"https:\/\/www.apexecohouse.com\/home\/wp-content\/uploads\/2025\/02\/image_fx_-2025-01-07T180742.919-1024x559.png\" alt=\"\" class=\"wp-image-282\" srcset=\"https:\/\/www.apexecohouse.com\/home\/wp-content\/uploads\/2025\/02\/image_fx_-2025-01-07T180742.919-1024x559.png 1024w, https:\/\/www.apexecohouse.com\/home\/wp-content\/uploads\/2025\/02\/image_fx_-2025-01-07T180742.919-300x164.png 300w, https:\/\/www.apexecohouse.com\/home\/wp-content\/uploads\/2025\/02\/image_fx_-2025-01-07T180742.919-768x419.png 768w, https:\/\/www.apexecohouse.com\/home\/wp-content\/uploads\/2025\/02\/image_fx_-2025-01-07T180742.919.png 1408w\" sizes=\"auto, (max-width: 1024px) 100vw, 1024px\" \/><\/figure>\n<\/figure>\n\n\n\n<div style=\"height:100px\" aria-hidden=\"true\" class=\"wp-block-spacer\"><\/div>\n","protected":false},"excerpt":{"rendered":"<p>Caba\u00f1a Minimalista<\/p>\n","protected":false},"author":2,"featured_media":277,"parent":0,"menu_order":0,"comment_status":"closed","ping_status":"closed","template":"","meta":{"footnotes":""},"class_list":["post-276","page","type-page","status-publish","has-post-thumbnail","hentry"],"_links":{"self":[{"href":"https:\/\/www.apexecohouse.com\/home\/wp-json\/wp\/v2\/pages\/276","targetHints":{"allow":["GET"]}}],"collection":[{"href":"https:\/\/www.apexecohouse.com\/home\/wp-json\/wp\/v2\/pages"}],"about":[{"href":"https:\/\/www.apexecohouse.com\/home\/wp-json\/wp\/v2\/types\/page"}],"author":[{"embeddable":true,"href":"https:\/\/www.apexecohouse.com\/home\/wp-json\/wp\/v2\/users\/2"}],"replies":[{"embeddable":true,"href":"https:\/\/www.apexecohouse.com\/home\/wp-json\/wp\/v2\/comments?post=276"}],"version-history":[{"count":0,"href":"https:\/\/www.apexecohouse.com\/home\/wp-json\/wp\/v2\/pages\/276\/revisions"}],"wp:featuredmedia":[{"embeddable":true,"href":"https:\/\/www.apexecohouse.com\/home\/wp-json\/wp\/v2\/media\/277"}],"wp:attachment":[{"href":"https:\/\/www.apexecohouse.com\/home\/wp-json\/wp\/v2\/media?parent=276"}],"curies":[{"name":"wp","href":"https:\/\/api.w.org\/{rel}","templated":true}]}}