{"id":285,"date":"2025-02-11T16:06:00","date_gmt":"2025-02-11T16:06:00","guid":{"rendered":"https:\/\/apexecobuilding.com\/home\/?page_id=285"},"modified":"2025-02-11T16:06:00","modified_gmt":"2025-02-11T16:06:00","slug":"cabana-moderna","status":"publish","type":"page","link":"https:\/\/www.apexecohouse.com\/home\/cabana-moderna\/","title":{"rendered":"Caba\u00f1a Moderna"},"content":{"rendered":"\n<div style=\"height:70px\" aria-hidden=\"true\" class=\"wp-block-spacer\"><\/div>\n\n\n\n<p class=\"has-large-font-size\"><strong>Caba\u00f1a Moderna<\/strong><\/p>\n\n\n\n<div style=\"height:60px\" aria-hidden=\"true\" class=\"wp-block-spacer\"><\/div>\n\n\n\n<hr class=\"wp-block-separator has-alpha-channel-opacity is-style-wide\"\/>\n\n\n\n<div style=\"height:50px\" aria-hidden=\"true\" class=\"wp-block-spacer\"><\/div>\n\n\n\n<p class=\"has-medium-font-size\">Especificaciones:<\/p>\n\n\n\n<div style=\"height:20px\" aria-hidden=\"true\" class=\"wp-block-spacer\"><\/div>\n\n\n\n<div class=\"wp-block-columns is-layout-flex wp-container-core-columns-is-layout-9d6595d7 wp-block-columns-is-layout-flex\">\n<div class=\"wp-block-column is-layout-flow wp-block-column-is-layout-flow\">\n<p>\u00c1REAS<br>&#8211; N\u00famero de Recamaras: <br>&#8211; N\u00famero de ba\u00f1os:<br>&#8211; Sala\/Comedor:<br>&#8211; Cocina:<br>&#8211; Terraza:<\/p>\n<\/div>\n\n\n\n<div class=\"wp-block-column is-layout-flow wp-block-column-is-layout-flow\">\n<p>CONSTRUCCI\u00d3N<br>&#8211; Total de m2:<br>&#8211; Planta baja:<br>&#8211; Planta alta:<br>&#8211; Terraza:<\/p>\n<\/div>\n<\/div>\n\n\n\n<div style=\"height:50px\" aria-hidden=\"true\" class=\"wp-block-spacer\"><\/div>\n\n\n\n<figure class=\"wp-block-gallery has-nested-images columns-default is-cropped wp-block-gallery-1 is-layout-flex wp-block-gallery-is-layout-flex\">\n<figure class=\"wp-block-image size-large\"><img loading=\"lazy\" decoding=\"async\" width=\"1024\" height=\"559\" data-id=\"286\" src=\"https:\/\/www.apexecohouse.com\/home\/wp-content\/uploads\/2025\/02\/image_fx_-2025-01-08T132613.437-1024x559.png\" alt=\"\" class=\"wp-image-286\" srcset=\"https:\/\/www.apexecohouse.com\/home\/wp-content\/uploads\/2025\/02\/image_fx_-2025-01-08T132613.437-1024x559.png 1024w, https:\/\/www.apexecohouse.com\/home\/wp-content\/uploads\/2025\/02\/image_fx_-2025-01-08T132613.437-300x164.png 300w, https:\/\/www.apexecohouse.com\/home\/wp-content\/uploads\/2025\/02\/image_fx_-2025-01-08T132613.437-768x419.png 768w, https:\/\/www.apexecohouse.com\/home\/wp-content\/uploads\/2025\/02\/image_fx_-2025-01-08T132613.437.png 1408w\" sizes=\"auto, (max-width: 1024px) 100vw, 1024px\" \/><\/figure>\n\n\n\n<figure class=\"wp-block-image size-large\"><img loading=\"lazy\" decoding=\"async\" width=\"1024\" height=\"559\" data-id=\"294\" src=\"https:\/\/www.apexecohouse.com\/home\/wp-content\/uploads\/2025\/02\/image_fx_-2025-01-08T140401.327-1024x559.png\" alt=\"\" class=\"wp-image-294\" srcset=\"https:\/\/www.apexecohouse.com\/home\/wp-content\/uploads\/2025\/02\/image_fx_-2025-01-08T140401.327-1024x559.png 1024w, https:\/\/www.apexecohouse.com\/home\/wp-content\/uploads\/2025\/02\/image_fx_-2025-01-08T140401.327-300x164.png 300w, https:\/\/www.apexecohouse.com\/home\/wp-content\/uploads\/2025\/02\/image_fx_-2025-01-08T140401.327-768x419.png 768w, https:\/\/www.apexecohouse.com\/home\/wp-content\/uploads\/2025\/02\/image_fx_-2025-01-08T140401.327.png 1408w\" sizes=\"auto, (max-width: 1024px) 100vw, 1024px\" \/><\/figure>\n\n\n\n<figure class=\"wp-block-image size-large\"><img loading=\"lazy\" decoding=\"async\" width=\"1024\" height=\"559\" data-id=\"295\" src=\"https:\/\/www.apexecohouse.com\/home\/wp-content\/uploads\/2025\/02\/image_fx_-2025-01-08T133643.232-1024x559.png\" alt=\"\" class=\"wp-image-295\" srcset=\"https:\/\/www.apexecohouse.com\/home\/wp-content\/uploads\/2025\/02\/image_fx_-2025-01-08T133643.232-1024x559.png 1024w, https:\/\/www.apexecohouse.com\/home\/wp-content\/uploads\/2025\/02\/image_fx_-2025-01-08T133643.232-300x164.png 300w, https:\/\/www.apexecohouse.com\/home\/wp-content\/uploads\/2025\/02\/image_fx_-2025-01-08T133643.232-768x419.png 768w, https:\/\/www.apexecohouse.com\/home\/wp-content\/uploads\/2025\/02\/image_fx_-2025-01-08T133643.232.png 1408w\" sizes=\"auto, (max-width: 1024px) 100vw, 1024px\" \/><\/figure>\n\n\n\n<figure class=\"wp-block-image size-large\"><img loading=\"lazy\" decoding=\"async\" width=\"1024\" height=\"559\" data-id=\"287\" src=\"https:\/\/www.apexecohouse.com\/home\/wp-content\/uploads\/2025\/02\/image_fx_-2025-01-08T132928.668-1024x559.png\" alt=\"\" class=\"wp-image-287\" srcset=\"https:\/\/www.apexecohouse.com\/home\/wp-content\/uploads\/2025\/02\/image_fx_-2025-01-08T132928.668-1024x559.png 1024w, https:\/\/www.apexecohouse.com\/home\/wp-content\/uploads\/2025\/02\/image_fx_-2025-01-08T132928.668-300x164.png 300w, https:\/\/www.apexecohouse.com\/home\/wp-content\/uploads\/2025\/02\/image_fx_-2025-01-08T132928.668-768x419.png 768w, https:\/\/www.apexecohouse.com\/home\/wp-content\/uploads\/2025\/02\/image_fx_-2025-01-08T132928.668.png 1408w\" sizes=\"auto, (max-width: 1024px) 100vw, 1024px\" \/><\/figure>\n\n\n\n<figure class=\"wp-block-image size-large\"><img loading=\"lazy\" decoding=\"async\" width=\"1024\" height=\"559\" data-id=\"293\" src=\"https:\/\/www.apexecohouse.com\/home\/wp-content\/uploads\/2025\/02\/image_fx_-2025-01-08T134404.635-1024x559.png\" alt=\"\" class=\"wp-image-293\" srcset=\"https:\/\/www.apexecohouse.com\/home\/wp-content\/uploads\/2025\/02\/image_fx_-2025-01-08T134404.635-1024x559.png 1024w, https:\/\/www.apexecohouse.com\/home\/wp-content\/uploads\/2025\/02\/image_fx_-2025-01-08T134404.635-300x164.png 300w, https:\/\/www.apexecohouse.com\/home\/wp-content\/uploads\/2025\/02\/image_fx_-2025-01-08T134404.635-768x419.png 768w, https:\/\/www.apexecohouse.com\/home\/wp-content\/uploads\/2025\/02\/image_fx_-2025-01-08T134404.635.png 1408w\" sizes=\"auto, (max-width: 1024px) 100vw, 1024px\" \/><\/figure>\n\n\n\n<figure class=\"wp-block-image size-large\"><img loading=\"lazy\" decoding=\"async\" width=\"1024\" height=\"559\" data-id=\"292\" src=\"https:\/\/www.apexecohouse.com\/home\/wp-content\/uploads\/2025\/02\/image_fx_-2025-01-08T134440.417-1024x559.png\" alt=\"\" class=\"wp-image-292\" srcset=\"https:\/\/www.apexecohouse.com\/home\/wp-content\/uploads\/2025\/02\/image_fx_-2025-01-08T134440.417-1024x559.png 1024w, https:\/\/www.apexecohouse.com\/home\/wp-content\/uploads\/2025\/02\/image_fx_-2025-01-08T134440.417-300x164.png 300w, https:\/\/www.apexecohouse.com\/home\/wp-content\/uploads\/2025\/02\/image_fx_-2025-01-08T134440.417-768x419.png 768w, https:\/\/www.apexecohouse.com\/home\/wp-content\/uploads\/2025\/02\/image_fx_-2025-01-08T134440.417.png 1408w\" sizes=\"auto, (max-width: 1024px) 100vw, 1024px\" \/><\/figure>\n\n\n\n<figure class=\"wp-block-image size-large\"><img loading=\"lazy\" decoding=\"async\" width=\"1024\" height=\"559\" data-id=\"288\" src=\"https:\/\/www.apexecohouse.com\/home\/wp-content\/uploads\/2025\/02\/image_fx_-2025-01-08T133318.812-1024x559.png\" alt=\"\" class=\"wp-image-288\" srcset=\"https:\/\/www.apexecohouse.com\/home\/wp-content\/uploads\/2025\/02\/image_fx_-2025-01-08T133318.812-1024x559.png 1024w, https:\/\/www.apexecohouse.com\/home\/wp-content\/uploads\/2025\/02\/image_fx_-2025-01-08T133318.812-300x164.png 300w, https:\/\/www.apexecohouse.com\/home\/wp-content\/uploads\/2025\/02\/image_fx_-2025-01-08T133318.812-768x419.png 768w, https:\/\/www.apexecohouse.com\/home\/wp-content\/uploads\/2025\/02\/image_fx_-2025-01-08T133318.812.png 1408w\" sizes=\"auto, (max-width: 1024px) 100vw, 1024px\" \/><\/figure>\n\n\n\n<figure class=\"wp-block-image size-large\"><img loading=\"lazy\" decoding=\"async\" width=\"1024\" height=\"559\" data-id=\"289\" src=\"https:\/\/www.apexecohouse.com\/home\/wp-content\/uploads\/2025\/02\/image_fx_-2025-01-08T133503.591-1024x559.png\" alt=\"\" class=\"wp-image-289\" srcset=\"https:\/\/www.apexecohouse.com\/home\/wp-content\/uploads\/2025\/02\/image_fx_-2025-01-08T133503.591-1024x559.png 1024w, https:\/\/www.apexecohouse.com\/home\/wp-content\/uploads\/2025\/02\/image_fx_-2025-01-08T133503.591-300x164.png 300w, https:\/\/www.apexecohouse.com\/home\/wp-content\/uploads\/2025\/02\/image_fx_-2025-01-08T133503.591-768x419.png 768w, https:\/\/www.apexecohouse.com\/home\/wp-content\/uploads\/2025\/02\/image_fx_-2025-01-08T133503.591.png 1408w\" sizes=\"auto, (max-width: 1024px) 100vw, 1024px\" \/><\/figure>\n\n\n\n<figure class=\"wp-block-image size-large\"><img loading=\"lazy\" decoding=\"async\" width=\"1024\" height=\"559\" data-id=\"290\" src=\"https:\/\/www.apexecohouse.com\/home\/wp-content\/uploads\/2025\/02\/image_fx_-2025-01-08T133651.085-1024x559.png\" alt=\"\" class=\"wp-image-290\" srcset=\"https:\/\/www.apexecohouse.com\/home\/wp-content\/uploads\/2025\/02\/image_fx_-2025-01-08T133651.085-1024x559.png 1024w, https:\/\/www.apexecohouse.com\/home\/wp-content\/uploads\/2025\/02\/image_fx_-2025-01-08T133651.085-300x164.png 300w, https:\/\/www.apexecohouse.com\/home\/wp-content\/uploads\/2025\/02\/image_fx_-2025-01-08T133651.085-768x419.png 768w, https:\/\/www.apexecohouse.com\/home\/wp-content\/uploads\/2025\/02\/image_fx_-2025-01-08T133651.085.png 1408w\" sizes=\"auto, (max-width: 1024px) 100vw, 1024px\" \/><\/figure>\n\n\n\n<figure class=\"wp-block-image size-large\"><img loading=\"lazy\" decoding=\"async\" width=\"1024\" height=\"559\" data-id=\"291\" src=\"https:\/\/www.apexecohouse.com\/home\/wp-content\/uploads\/2025\/02\/image_fx_-2025-01-08T133753.616-1024x559.png\" alt=\"\" class=\"wp-image-291\" srcset=\"https:\/\/www.apexecohouse.com\/home\/wp-content\/uploads\/2025\/02\/image_fx_-2025-01-08T133753.616-1024x559.png 1024w, https:\/\/www.apexecohouse.com\/home\/wp-content\/uploads\/2025\/02\/image_fx_-2025-01-08T133753.616-300x164.png 300w, https:\/\/www.apexecohouse.com\/home\/wp-content\/uploads\/2025\/02\/image_fx_-2025-01-08T133753.616-768x419.png 768w, https:\/\/www.apexecohouse.com\/home\/wp-content\/uploads\/2025\/02\/image_fx_-2025-01-08T133753.616.png 1408w\" sizes=\"auto, (max-width: 1024px) 100vw, 1024px\" \/><\/figure>\n<\/figure>\n\n\n\n<div style=\"height:100px\" aria-hidden=\"true\" class=\"wp-block-spacer\"><\/div>\n","protected":false},"excerpt":{"rendered":"<p>Caba\u00f1a Moderna<\/p>\n","protected":false},"author":2,"featured_media":286,"parent":0,"menu_order":0,"comment_status":"closed","ping_status":"closed","template":"","meta":{"footnotes":""},"class_list":["post-285","page","type-page","status-publish","has-post-thumbnail","hentry"],"_links":{"self":[{"href":"https:\/\/www.apexecohouse.com\/home\/wp-json\/wp\/v2\/pages\/285","targetHints":{"allow":["GET"]}}],"collection":[{"href":"https:\/\/www.apexecohouse.com\/home\/wp-json\/wp\/v2\/pages"}],"about":[{"href":"https:\/\/www.apexecohouse.com\/home\/wp-json\/wp\/v2\/types\/page"}],"author":[{"embeddable":true,"href":"https:\/\/www.apexecohouse.com\/home\/wp-json\/wp\/v2\/users\/2"}],"replies":[{"embeddable":true,"href":"https:\/\/www.apexecohouse.com\/home\/wp-json\/wp\/v2\/comments?post=285"}],"version-history":[{"count":0,"href":"https:\/\/www.apexecohouse.com\/home\/wp-json\/wp\/v2\/pages\/285\/revisions"}],"wp:featuredmedia":[{"embeddable":true,"href":"https:\/\/www.apexecohouse.com\/home\/wp-json\/wp\/v2\/media\/286"}],"wp:attachment":[{"href":"https:\/\/www.apexecohouse.com\/home\/wp-json\/wp\/v2\/media?parent=285"}],"curies":[{"name":"wp","href":"https:\/\/api.w.org\/{rel}","templated":true}]}}