{"id":62,"date":"2023-11-08T21:37:24","date_gmt":"2023-11-08T21:37:24","guid":{"rendered":"https:\/\/apexecobuilding.com\/home\/?page_id=62"},"modified":"2023-11-08T21:37:24","modified_gmt":"2023-11-08T21:37:24","slug":"miembros","status":"publish","type":"page","link":"https:\/\/www.apexecohouse.com\/home\/miembros\/","title":{"rendered":"Colaboradores"},"content":{"rendered":"\n<div style=\"height:70px\" aria-hidden=\"true\" class=\"wp-block-spacer\"><\/div>\n\n\n\n<p class=\"has-large-font-size\"><strong>Colaboradores<\/strong>.<\/p>\n\n\n\n<div style=\"height:50px\" aria-hidden=\"true\" class=\"wp-block-spacer\"><\/div>\n\n\n\n<hr class=\"wp-block-separator has-alpha-channel-opacity is-style-wide\"\/>\n\n\n\n<div style=\"height:50px\" aria-hidden=\"true\" class=\"wp-block-spacer\"><\/div>\n\n\n\n<div class=\"wp-block-media-text is-stacked-on-mobile has-background\" style=\"background-color:#f3c2a1\"><figure class=\"wp-block-media-text__media\"><img loading=\"lazy\" decoding=\"async\" width=\"640\" height=\"640\" src=\"https:\/\/www.apexecohouse.com\/home\/wp-content\/uploads\/2023\/12\/FondosPag-Apex5.jpg\" alt=\"\" class=\"wp-image-67 size-full\" srcset=\"https:\/\/www.apexecohouse.com\/home\/wp-content\/uploads\/2023\/12\/FondosPag-Apex5.jpg 640w, https:\/\/www.apexecohouse.com\/home\/wp-content\/uploads\/2023\/12\/FondosPag-Apex5-300x300.jpg 300w, https:\/\/www.apexecohouse.com\/home\/wp-content\/uploads\/2023\/12\/FondosPag-Apex5-150x150.jpg 150w\" sizes=\"auto, (max-width: 640px) 100vw, 640px\" \/><\/figure><div class=\"wp-block-media-text__content\">\n<p class=\"has-text-align-center has-medium-font-size\"><strong>ARQUITECTOS<\/strong><\/p>\n\n\n\n<hr class=\"wp-block-separator has-alpha-channel-opacity is-style-wide\"\/>\n\n\n\n<div style=\"height:20px\" aria-hidden=\"true\" class=\"wp-block-spacer\"><\/div>\n\n\n\n<p class=\"has-text-align-center\">Nunca antes fue tan f\u00e1cil crear dise\u00f1os personalizados. Somos  especialistas en construir productos de alta calidad para diferentes  cuestiones. Nuestros arquitectos har\u00e1n posible cualquier proyecto que necesites.<br><br>\u00bfEres arquitecto y quieres formar parte de nuestro equipo?<br>\u00a1Contactanos!<\/p>\n<\/div><\/div>\n\n\n\n<div style=\"height:50px\" aria-hidden=\"true\" class=\"wp-block-spacer\"><\/div>\n\n\n\n<div class=\"wp-block-media-text has-media-on-the-right is-stacked-on-mobile has-background\" style=\"background-color:#f3c2a1\"><div class=\"wp-block-media-text__content\">\n<p class=\"has-text-align-center has-medium-font-size\"><strong>PASANTE DE ARQUITECTO<\/strong><\/p>\n\n\n\n<hr class=\"wp-block-separator has-alpha-channel-opacity is-style-wide\"\/>\n\n\n\n<div style=\"height:20px\" aria-hidden=\"true\" class=\"wp-block-spacer\"><\/div>\n\n\n\n<p class=\"has-text-align-center\">Integramos conocimientos de arte, ingenier\u00eda, <strong>dise\u00f1o<\/strong>, paisajismo y urbanismo, con el objetivo de crear proyectos que satisfagan la necesidades de nuestros clientes.<br>Como pasante de arquitecto pondr\u00e1s estos conocimientos a favor de realizar grandes desarrollos que garanticen un hermoso h\u00e1bitat y el cuidado del medioambiente. <\/p>\n\n\n\n<p class=\"has-text-align-center\">\u00bfDeseas una oportunidad?<br>\u00a1Contactanos!<\/p>\n<\/div><figure class=\"wp-block-media-text__media\"><img loading=\"lazy\" decoding=\"async\" width=\"640\" height=\"640\" src=\"https:\/\/www.apexecohouse.com\/home\/wp-content\/uploads\/2023\/12\/FondosPag-Apex6.jpg\" alt=\"\" class=\"wp-image-72 size-full\" srcset=\"https:\/\/www.apexecohouse.com\/home\/wp-content\/uploads\/2023\/12\/FondosPag-Apex6.jpg 640w, https:\/\/www.apexecohouse.com\/home\/wp-content\/uploads\/2023\/12\/FondosPag-Apex6-300x300.jpg 300w, https:\/\/www.apexecohouse.com\/home\/wp-content\/uploads\/2023\/12\/FondosPag-Apex6-150x150.jpg 150w\" sizes=\"auto, (max-width: 640px) 100vw, 640px\" \/><\/figure><\/div>\n\n\n\n<div style=\"height:50px\" aria-hidden=\"true\" class=\"wp-block-spacer\"><\/div>\n\n\n\n<div class=\"wp-block-media-text is-stacked-on-mobile has-background\" style=\"background-color:#f3c2a1\"><figure class=\"wp-block-media-text__media\"><img loading=\"lazy\" decoding=\"async\" width=\"640\" height=\"640\" src=\"https:\/\/www.apexecohouse.com\/home\/wp-content\/uploads\/2023\/12\/FondosPag-Apex7.jpg\" alt=\"\" class=\"wp-image-76 size-full\" srcset=\"https:\/\/www.apexecohouse.com\/home\/wp-content\/uploads\/2023\/12\/FondosPag-Apex7.jpg 640w, https:\/\/www.apexecohouse.com\/home\/wp-content\/uploads\/2023\/12\/FondosPag-Apex7-300x300.jpg 300w, https:\/\/www.apexecohouse.com\/home\/wp-content\/uploads\/2023\/12\/FondosPag-Apex7-150x150.jpg 150w\" sizes=\"auto, (max-width: 640px) 100vw, 640px\" \/><\/figure><div class=\"wp-block-media-text__content\">\n<p class=\"has-text-align-center has-medium-font-size\"><strong>DISE\u00d1ADOR DE INTERIORES<\/strong><\/p>\n\n\n\n<hr class=\"wp-block-separator has-alpha-channel-opacity is-style-wide\"\/>\n\n\n\n<div style=\"height:20px\" aria-hidden=\"true\" class=\"wp-block-spacer\"><\/div>\n\n\n\n<p class=\"has-text-align-center\">Dise\u00f1ar y darle un toque de elegancia a t\u00fa proyecto es indispensable y es posible gracias a nuestros dise\u00f1adores de interiores.<br>Contamos con un equipo con gran creatividad y buen gusto que har\u00e1 de tu hogar un hermoso lugar para vivir.<br><br>\u00bfEres dise\u00f1ador de interiores y deseas integrarte al mejor equipo?<br>\u00a1Contactanos!<\/p>\n<\/div><\/div>\n\n\n\n<div style=\"height:50px\" aria-hidden=\"true\" class=\"wp-block-spacer\"><\/div>\n\n\n\n<div class=\"wp-block-media-text has-media-on-the-right is-stacked-on-mobile has-background\" style=\"background-color:#f3c2a1\"><div class=\"wp-block-media-text__content\">\n<p class=\"has-text-align-center has-medium-font-size\"><strong>VENDEDOR<\/strong><\/p>\n\n\n\n<hr class=\"wp-block-separator has-alpha-channel-opacity is-style-wide\"\/>\n\n\n\n<div style=\"height:20px\" aria-hidden=\"true\" class=\"wp-block-spacer\"><\/div>\n\n\n\n<p class=\"has-text-align-center\">Construimos y contamos con Park homes, Caba\u00f1as altamente confortables, Resorts y Desarrollos tur\u00edsticos.<br>Tambi\u00e9n desarrollamos Estructuras Comerciales para una variedad de prop\u00f3sitos como oficinas, showrooms, club houses, dormitorios, complejos de vivienda, cl\u00ednicas, aulas, salones de conferencias, laboratorios, casetas, almacenes, naves industriales, etc.<\/p>\n\n\n\n<p class=\"has-text-align-center\">\u00bfEres vendedor? &#8211; Aqu\u00ed tienes muchas alternativas.<br>\u00a1Contactanos!<\/p>\n<\/div><figure class=\"wp-block-media-text__media\"><img loading=\"lazy\" decoding=\"async\" width=\"640\" height=\"640\" src=\"https:\/\/www.apexecohouse.com\/home\/wp-content\/uploads\/2023\/12\/FondosPag-Apex8.jpg\" alt=\"\" class=\"wp-image-81 size-full\" srcset=\"https:\/\/www.apexecohouse.com\/home\/wp-content\/uploads\/2023\/12\/FondosPag-Apex8.jpg 640w, https:\/\/www.apexecohouse.com\/home\/wp-content\/uploads\/2023\/12\/FondosPag-Apex8-300x300.jpg 300w, https:\/\/www.apexecohouse.com\/home\/wp-content\/uploads\/2023\/12\/FondosPag-Apex8-150x150.jpg 150w\" sizes=\"auto, (max-width: 640px) 100vw, 640px\" \/><\/figure><\/div>\n\n\n\n<div style=\"height:50px\" aria-hidden=\"true\" class=\"wp-block-spacer\"><\/div>\n\n\n\n<div class=\"wp-block-media-text is-stacked-on-mobile has-background\" style=\"background-color:#f3c2a1\"><figure class=\"wp-block-media-text__media\"><img loading=\"lazy\" decoding=\"async\" width=\"640\" height=\"640\" src=\"https:\/\/www.apexecohouse.com\/home\/wp-content\/uploads\/2023\/12\/FondosPag-Apex9.jpg\" alt=\"\" class=\"wp-image-84 size-full\" srcset=\"https:\/\/www.apexecohouse.com\/home\/wp-content\/uploads\/2023\/12\/FondosPag-Apex9.jpg 640w, https:\/\/www.apexecohouse.com\/home\/wp-content\/uploads\/2023\/12\/FondosPag-Apex9-300x300.jpg 300w, https:\/\/www.apexecohouse.com\/home\/wp-content\/uploads\/2023\/12\/FondosPag-Apex9-150x150.jpg 150w\" sizes=\"auto, (max-width: 640px) 100vw, 640px\" \/><\/figure><div class=\"wp-block-media-text__content\">\n<p class=\"has-text-align-center has-medium-font-size\"><strong>INMOBILIARIA<\/strong><\/p>\n\n\n\n<hr class=\"wp-block-separator has-alpha-channel-opacity is-style-wide\"\/>\n\n\n\n<div style=\"height:20px\" aria-hidden=\"true\" class=\"wp-block-spacer\"><\/div>\n\n\n\n<p class=\"has-text-align-center\">Somos especialistas en construir productos de alta calidad para diferentes objetivos, desde casas particulares hasta complejos comerciales, industriales o tur\u00edsticos.<br>Como empresa inmobiliaria puedes ser nuestro socio comercial y vender nuestros productos.<br><br>\u00a1Contactanos y ofrece a tus clientes confianza y calidad en sus proyectos\u00a1<\/p>\n<\/div><\/div>\n\n\n\n<div style=\"height:100px\" aria-hidden=\"true\" class=\"wp-block-spacer\"><\/div>\n","protected":false},"excerpt":{"rendered":"<p>Contamos con un grupo selecto de especialistas capaces de hacer posible cualquier proyecto que necesites&#8230;<\/p>\n","protected":false},"author":2,"featured_media":0,"parent":0,"menu_order":0,"comment_status":"closed","ping_status":"closed","template":"","meta":{"footnotes":""},"class_list":["post-62","page","type-page","status-publish","hentry"],"_links":{"self":[{"href":"https:\/\/www.apexecohouse.com\/home\/wp-json\/wp\/v2\/pages\/62","targetHints":{"allow":["GET"]}}],"collection":[{"href":"https:\/\/www.apexecohouse.com\/home\/wp-json\/wp\/v2\/pages"}],"about":[{"href":"https:\/\/www.apexecohouse.com\/home\/wp-json\/wp\/v2\/types\/page"}],"author":[{"embeddable":true,"href":"https:\/\/www.apexecohouse.com\/home\/wp-json\/wp\/v2\/users\/2"}],"replies":[{"embeddable":true,"href":"https:\/\/www.apexecohouse.com\/home\/wp-json\/wp\/v2\/comments?post=62"}],"version-history":[{"count":0,"href":"https:\/\/www.apexecohouse.com\/home\/wp-json\/wp\/v2\/pages\/62\/revisions"}],"wp:attachment":[{"href":"https:\/\/www.apexecohouse.com\/home\/wp-json\/wp\/v2\/media?parent=62"}],"curies":[{"name":"wp","href":"https:\/\/api.w.org\/{rel}","templated":true}]}}